{"id":93606,"date":"2024-11-12T15:49:15","date_gmt":"2024-11-12T20:49:15","guid":{"rendered":"https:\/\/www.muralunique.com\/?post_type=product&#038;p=93606"},"modified":"2024-11-12T16:07:24","modified_gmt":"2024-11-12T21:07:24","slug":"murmures-de-petales","status":"publish","type":"product","link":"https:\/\/www.muralunique.com\/fr\/produit\/murmures-de-petales\/","title":{"rendered":"Murmures de P\u00e9tales"},"content":{"rendered":"<p>-Cette tapisserie murale pr\u00e9sente une image en noir et blanc de pivoines en pleine floraison en gros plan. Les p\u00e9tales sont superpos\u00e9s et d\u00e9taill\u00e9s, avec de d\u00e9licates gouttes d&#8217;eau qui accentuent la texture et la profondeur. La palette en niveaux de gris apporte une ambiance classique et sereine, id\u00e9ale pour cr\u00e9er une atmosph\u00e8re paisible et \u00e9l\u00e9gante dans n&#8217;importe quel espace.<\/p>\n<p>-La murale comprend des laizes de 18\u2033 (45cm) de largeur. Par exemple, une murale de 6\u2032 (1,83m) de largeur a 4 laizes et une murale de 12\u2032 (3,66m) de largeur a 8 laizes.<\/p>\n<p>-Murale en papier\u00a0peint pr\u00e9encoll\u00e9e, lavable, s\u2019enl\u00e8ve \u00e0 sec et r\u00e9utilisable. Facile \u00e0 installer, se pose comme du papier\u00a0peint (tapisserie).<\/p>\n<p>-murale murmures de p\u00e9tales, tapisserie murale murmures de p\u00e9tales, tapisserie murmures de p\u00e9tales, papier peint murmures de p\u00e9tales, murale en papier peint murmures de p\u00e9tales, murale florale, tapisserie murale florale<\/p>\n","protected":false},"excerpt":{"rendered":"<p>-Cette tapisserie murale pr\u00e9sente une image en noir et blanc de pivoines en pleine floraison en gros plan. Les p\u00e9tales sont superpos\u00e9s et d\u00e9taill\u00e9s, avec de d\u00e9licates gouttes d&#8217;eau qui accentuent la texture et la profondeur. La palette en niveaux de gris apporte une ambiance classique et sereine, id\u00e9ale pour cr\u00e9er une atmosph\u00e8re paisible et [&hellip;]<\/p>\n","protected":false},"featured_media":93620,"template":"","meta":{"_acf_changed":false},"product_brand":[],"product_cat":[150,10434,303,401],"product_tag":[9009,9010,9006,9167,9269,9270,10195,9976,8905],"class_list":{"0":"post-93606","1":"product","2":"type-product","3":"status-publish","4":"has-post-thumbnail","6":"product_cat-fleurs-et-feuillages","7":"product_cat-images-panoramiques","8":"product_cat-nouveautes","9":"product_cat-tous-nos-produits","10":"product_tag-fleur","11":"product_tag-fleurs","12":"product_tag-floral-fr","13":"product_tag-macro-fr","14":"product_tag-petale","15":"product_tag-petales","16":"product_tag-pivoine","17":"product_tag-pivoines","18":"product_tag-plan-rapproche","20":"first","21":"instock","22":"taxable","23":"shipping-taxable","24":"purchasable","25":"product-type-variable","26":"has-default-attributes"},"acf":[],"_links":{"self":[{"href":"https:\/\/www.muralunique.com\/fr\/wp-json\/wp\/v2\/product\/93606","targetHints":{"allow":["GET"]}}],"collection":[{"href":"https:\/\/www.muralunique.com\/fr\/wp-json\/wp\/v2\/product"}],"about":[{"href":"https:\/\/www.muralunique.com\/fr\/wp-json\/wp\/v2\/types\/product"}],"wp:featuredmedia":[{"embeddable":true,"href":"https:\/\/www.muralunique.com\/fr\/wp-json\/wp\/v2\/media\/93620"}],"wp:attachment":[{"href":"https:\/\/www.muralunique.com\/fr\/wp-json\/wp\/v2\/media?parent=93606"}],"wp:term":[{"taxonomy":"product_brand","embeddable":true,"href":"https:\/\/www.muralunique.com\/fr\/wp-json\/wp\/v2\/product_brand?post=93606"},{"taxonomy":"product_cat","embeddable":true,"href":"https:\/\/www.muralunique.com\/fr\/wp-json\/wp\/v2\/product_cat?post=93606"},{"taxonomy":"product_tag","embeddable":true,"href":"https:\/\/www.muralunique.com\/fr\/wp-json\/wp\/v2\/product_tag?post=93606"}],"curies":[{"name":"wp","href":"https:\/\/api.w.org\/{rel}","templated":true}]}}