{"id":93665,"date":"2024-11-13T16:08:43","date_gmt":"2024-11-13T21:08:43","guid":{"rendered":"https:\/\/www.muralunique.com\/?post_type=product&#038;p=93665"},"modified":"2024-11-13T16:30:04","modified_gmt":"2024-11-13T21:30:04","slug":"vegetation-luxuriante","status":"publish","type":"product","link":"https:\/\/www.muralunique.com\/fr\/produit\/vegetation-luxuriante\/","title":{"rendered":"V\u00e9g\u00e9tation Luxuriante"},"content":{"rendered":"<p>-Cette tapisserie murale pr\u00e9sente un m\u00e9lange apaisant de feuillages tropicaux dans des teintes d\u00e9licates de vert, de sauge et de rose poudr\u00e9, cr\u00e9ant une ambiance paisible et luxuriante. Le design met en avant des feuilles de palmier gracieuses et des plantes exotiques superpos\u00e9es sur un fond doux et textur\u00e9, \u00e9voquant l&#8217;atmosph\u00e8re d&#8217;une oasis de jungle tranquille. Avec ses tons doux et naturels, cette murale invite la nature \u00e0 l&#8217;int\u00e9rieur, id\u00e9ale pour cr\u00e9er un espace serein et relaxant avec une touche d&#8217;\u00e9l\u00e9gance tropicale.<\/p>\n<p>-La murale comprend des laizes de 18\u2033 (45cm) de largeur. Par exemple, une murale de 6\u2032 (1,83m) de largeur a 4 laizes et une murale de 12\u2032 (3,66m) de largeur a 8 laizes.<\/p>\n<p>-Murale en papier\u00a0peint pr\u00e9encoll\u00e9e, lavable, s\u2019enl\u00e8ve \u00e0 sec et r\u00e9utilisable. Facile \u00e0 installer, se pose comme du papier\u00a0peint (tapisserie).<\/p>\n<p>-murale v\u00e9g\u00e9tation luxuriante, tapisserie v\u00e9g\u00e9tation luxuriante, tapisserie murale v\u00e9g\u00e9tation luxuriante, murale en papier peint v\u00e9g\u00e9tation luxuriante, papier peint v\u00e9g\u00e9tation luxuriante, murale tropicale, tapisserie tropicale<\/p>\n","protected":false},"excerpt":{"rendered":"<p>-Cette tapisserie murale pr\u00e9sente un m\u00e9lange apaisant de feuillages tropicaux dans des teintes d\u00e9licates de vert, de sauge et de rose poudr\u00e9, cr\u00e9ant une ambiance paisible et luxuriante. Le design met en avant des feuilles de palmier gracieuses et des plantes exotiques superpos\u00e9es sur un fond doux et textur\u00e9, \u00e9voquant l&#8217;atmosph\u00e8re d&#8217;une oasis de jungle [&hellip;]<\/p>\n","protected":false},"featured_media":93679,"template":"","meta":{"_acf_changed":false},"product_brand":[],"product_cat":[150,303,401],"product_tag":[8970,9014,9567,9122,9163,9702,9486],"class_list":{"0":"post-93665","1":"product","2":"type-product","3":"status-publish","4":"has-post-thumbnail","6":"product_cat-fleurs-et-feuillages","7":"product_cat-nouveautes","8":"product_cat-tous-nos-produits","9":"product_tag-exotique","10":"product_tag-feuillage","11":"product_tag-feuilles-de-palmier","12":"product_tag-jungle-fr","13":"product_tag-luxuriant","14":"product_tag-palmier","15":"product_tag-tropical-fr","17":"first","18":"instock","19":"taxable","20":"shipping-taxable","21":"purchasable","22":"product-type-variable","23":"has-default-attributes"},"acf":[],"_links":{"self":[{"href":"https:\/\/www.muralunique.com\/fr\/wp-json\/wp\/v2\/product\/93665","targetHints":{"allow":["GET"]}}],"collection":[{"href":"https:\/\/www.muralunique.com\/fr\/wp-json\/wp\/v2\/product"}],"about":[{"href":"https:\/\/www.muralunique.com\/fr\/wp-json\/wp\/v2\/types\/product"}],"wp:featuredmedia":[{"embeddable":true,"href":"https:\/\/www.muralunique.com\/fr\/wp-json\/wp\/v2\/media\/93679"}],"wp:attachment":[{"href":"https:\/\/www.muralunique.com\/fr\/wp-json\/wp\/v2\/media?parent=93665"}],"wp:term":[{"taxonomy":"product_brand","embeddable":true,"href":"https:\/\/www.muralunique.com\/fr\/wp-json\/wp\/v2\/product_brand?post=93665"},{"taxonomy":"product_cat","embeddable":true,"href":"https:\/\/www.muralunique.com\/fr\/wp-json\/wp\/v2\/product_cat?post=93665"},{"taxonomy":"product_tag","embeddable":true,"href":"https:\/\/www.muralunique.com\/fr\/wp-json\/wp\/v2\/product_tag?post=93665"}],"curies":[{"name":"wp","href":"https:\/\/api.w.org\/{rel}","templated":true}]}}