{"id":9372,"date":"2017-06-19T11:23:40","date_gmt":"2017-06-19T11:23:40","guid":{"rendered":"https:\/\/muralunique.com\/?post_type=product&#038;p=9372"},"modified":"2021-07-16T11:01:33","modified_gmt":"2021-07-16T15:01:33","slug":"carte-de-la-faune-canadienne","status":"publish","type":"product","link":"https:\/\/www.muralunique.com\/fr\/produit\/carte-de-la-faune-canadienne\/","title":{"rendered":"Carte de la Faune Canadienne"},"content":{"rendered":"<p>-Murale pour enfants d&#8217;une carte g\u00e9ographique originale du Canada avec les animaux embl\u00e9matiques du pays comme le buffalo, le loup, l&#8217;\u00e9lan, le castor, l&#8217;ours, le caribou et beaucoup d&#8217;autres.<\/p>\n<p>-La murale comprend des laizes de 18&#8243; (45cm) de largeur. Par exemple, une murale de 6&#8242; (1,83m) de largeur a 4 laizes et une murale de 12&#8242; (3,66m) de largeur a 8 laizes.<\/p>\n<p>-Murale en papier\u00a0peint pr\u00e9encoll\u00e9e, lavable, s&#8217;enl\u00e8ve \u00e0 sec et r\u00e9utilisable. Facile \u00e0 installer, se pose comme du papier\u00a0peint (tapisserie).<\/p>\n<p>-Cr\u00e9ation originale de Birgit Schulz.<\/p>\n<p>-murale carte de la faune canadienne, papier peint carte de la faune canadienne, murale animaux canadiens, papier peint pour enfants, murale pour enfants<\/p>\n","protected":false},"excerpt":{"rendered":"<p>-Murale pour enfants d&#8217;une carte g\u00e9ographique originale du Canada avec les animaux embl\u00e9matiques du pays comme le buffalo, le loup, l&#8217;\u00e9lan, le castor, l&#8217;ours, le caribou et beaucoup d&#8217;autres. -La murale comprend des laizes de 18&#8243; (45cm) de largeur. Par exemple, une murale de 6&#8242; (1,83m) de largeur a 4 laizes et une murale de [&hellip;]<\/p>\n","protected":false},"featured_media":9373,"template":"","meta":{"_acf_changed":false},"product_brand":[165],"product_cat":[134,160,173,401,425],"product_tag":[8769,8787,8676,9172,8894,8895,9125,9046,9045,9197,8809],"class_list":{"0":"post-9372","1":"product","2":"type-product","3":"status-publish","4":"has-post-thumbnail","6":"artist-birgit-schulz-fr","7":"product_brand-birgit-schulz-2","8":"product_cat-animaux","9":"product_cat-cartes-et-drapeaux","10":"product_cat-enfants","11":"product_cat-tous-nos-produits","12":"product_cat-ultra-haute-d-finition-art","13":"product_tag-animaux","14":"product_tag-atlas-fr","15":"product_tag-canada-fr","16":"product_tag-cartes","17":"product_tag-enfant","18":"product_tag-enfants","19":"product_tag-gamins","20":"product_tag-geographie","21":"product_tag-geographique","22":"product_tag-orignaux","23":"product_tag-ours-fr","25":"first","26":"instock","27":"taxable","28":"shipping-taxable","29":"purchasable","30":"product-type-variable","31":"has-default-attributes"},"acf":[],"_links":{"self":[{"href":"https:\/\/www.muralunique.com\/fr\/wp-json\/wp\/v2\/product\/9372","targetHints":{"allow":["GET"]}}],"collection":[{"href":"https:\/\/www.muralunique.com\/fr\/wp-json\/wp\/v2\/product"}],"about":[{"href":"https:\/\/www.muralunique.com\/fr\/wp-json\/wp\/v2\/types\/product"}],"wp:featuredmedia":[{"embeddable":true,"href":"https:\/\/www.muralunique.com\/fr\/wp-json\/wp\/v2\/media\/9373"}],"wp:attachment":[{"href":"https:\/\/www.muralunique.com\/fr\/wp-json\/wp\/v2\/media?parent=9372"}],"wp:term":[{"taxonomy":"product_brand","embeddable":true,"href":"https:\/\/www.muralunique.com\/fr\/wp-json\/wp\/v2\/product_brand?post=9372"},{"taxonomy":"product_cat","embeddable":true,"href":"https:\/\/www.muralunique.com\/fr\/wp-json\/wp\/v2\/product_cat?post=9372"},{"taxonomy":"product_tag","embeddable":true,"href":"https:\/\/www.muralunique.com\/fr\/wp-json\/wp\/v2\/product_tag?post=9372"}],"curies":[{"name":"wp","href":"https:\/\/api.w.org\/{rel}","templated":true}]}}