{"id":94048,"date":"2024-11-27T15:14:33","date_gmt":"2024-11-27T20:14:33","guid":{"rendered":"https:\/\/www.muralunique.com\/?post_type=product&#038;p=94048"},"modified":"2025-10-10T13:44:04","modified_gmt":"2025-10-10T17:44:04","slug":"harmonie-tribale","status":"publish","type":"product","link":"https:\/\/www.muralunique.com\/fr\/produit\/harmonie-tribale\/","title":{"rendered":"Harmonie Tribale"},"content":{"rendered":"<p>-&#8220;Harmonie Tribale&#8221; est une murale captivante, inspir\u00e9e par l&#8217;\u00e9quilibre rythmique des motifs g\u00e9om\u00e9triques et des tons terreux. Ce design \u00e9voque une connexion \u00e0 la nature et aux traditions, mariant chaleur et structure. Ses formes r\u00e9p\u00e9t\u00e9es et ses d\u00e9tails textur\u00e9s apportent profondeur et caract\u00e8re \u00e0 tout espace, cr\u00e9ant une ambiance \u00e0 la fois ancr\u00e9e et dynamique.<\/p>\n<p><strong>-Cette murale peut \u00eatre r\u00e9p\u00e9t\u00e9e horizontalement et verticalement.<\/strong><\/p>\n<p>-La murale comprend des laizes de 18\u2033 (45cm) de largeur. Par exemple, une murale de 6\u2032 (1,83m) de largeur a 4 laizes et une murale de 12\u2032 (3,66m) de largeur a 8 laizes.<\/p>\n<p>-Murale en papier\u00a0peint pr\u00e9encoll\u00e9e, lavable, s\u2019enl\u00e8ve \u00e0 sec et r\u00e9utilisable. Facile \u00e0 installer, se pose comme du papier\u00a0peint (tapisserie).<\/p>\n<p>-murale harmonie tribale, tapisserie harmonie tribale, tapisserie murale harmonie tribale, papier peint harmonie tribale, murale en papier peint harmonie tribale, murale g\u00e9om\u00e9trique, papier peint g\u00e9om\u00e9trique<\/p>\n","protected":false},"excerpt":{"rendered":"<p>-&#8220;Harmonie Tribale&#8221; est une murale captivante, inspir\u00e9e par l&#8217;\u00e9quilibre rythmique des motifs g\u00e9om\u00e9triques et des tons terreux. Ce design \u00e9voque une connexion \u00e0 la nature et aux traditions, mariant chaleur et structure. Ses formes r\u00e9p\u00e9t\u00e9es et ses d\u00e9tails textur\u00e9s apportent profondeur et caract\u00e8re \u00e0 tout espace, cr\u00e9ant une ambiance \u00e0 la fois ancr\u00e9e et dynamique. [&hellip;]<\/p>\n","protected":false},"featured_media":94070,"template":"","meta":{"_acf_changed":false},"product_brand":[],"product_cat":[125,303,401],"product_tag":[9047,9049,10194,9877,9617,9480],"class_list":{"0":"post-94048","1":"product","2":"type-product","3":"status-publish","4":"has-post-thumbnail","6":"artist-artistes-varies","7":"product_cat-abstrait-et-geometrie","8":"product_cat-nouveautes","9":"product_cat-tous-nos-produits","10":"product_tag-geometrie","11":"product_tag-geometrique","12":"product_tag-ligne","13":"product_tag-lignes","14":"product_tag-motif","15":"product_tag-tribale","17":"first","18":"instock","19":"taxable","20":"shipping-taxable","21":"purchasable","22":"product-type-variable","23":"has-default-attributes"},"acf":[],"_links":{"self":[{"href":"https:\/\/www.muralunique.com\/fr\/wp-json\/wp\/v2\/product\/94048","targetHints":{"allow":["GET"]}}],"collection":[{"href":"https:\/\/www.muralunique.com\/fr\/wp-json\/wp\/v2\/product"}],"about":[{"href":"https:\/\/www.muralunique.com\/fr\/wp-json\/wp\/v2\/types\/product"}],"wp:featuredmedia":[{"embeddable":true,"href":"https:\/\/www.muralunique.com\/fr\/wp-json\/wp\/v2\/media\/94070"}],"wp:attachment":[{"href":"https:\/\/www.muralunique.com\/fr\/wp-json\/wp\/v2\/media?parent=94048"}],"wp:term":[{"taxonomy":"product_brand","embeddable":true,"href":"https:\/\/www.muralunique.com\/fr\/wp-json\/wp\/v2\/product_brand?post=94048"},{"taxonomy":"product_cat","embeddable":true,"href":"https:\/\/www.muralunique.com\/fr\/wp-json\/wp\/v2\/product_cat?post=94048"},{"taxonomy":"product_tag","embeddable":true,"href":"https:\/\/www.muralunique.com\/fr\/wp-json\/wp\/v2\/product_tag?post=94048"}],"curies":[{"name":"wp","href":"https:\/\/api.w.org\/{rel}","templated":true}]}}