{"id":94204,"date":"2024-12-03T14:54:31","date_gmt":"2024-12-03T19:54:31","guid":{"rendered":"https:\/\/www.muralunique.com\/?post_type=product&#038;p=94204"},"modified":"2025-10-21T17:22:20","modified_gmt":"2025-10-21T21:22:20","slug":"pluie-pastel","status":"publish","type":"product","link":"https:\/\/www.muralunique.com\/fr\/produit\/pluie-pastel\/","title":{"rendered":"Pluie Pastel"},"content":{"rendered":"<p>-Cette murale pr\u00e9sente une composition vibrante et abstraite aux couleurs pastel, m\u00ealant des nuances de bleu, vert, rose et jaune dans un motif textur\u00e9 rappelant des coups de pinceau. Le design \u00e9voque une sensation de l\u00e9g\u00e8ret\u00e9 et de joie, rappelant les fleurs printani\u00e8res ou une douce pluie color\u00e9e. Id\u00e9ale pour illuminer n&#8217;importe quel espace, elle apporte une touche d&#8217;\u00e9l\u00e9gance artistique et de s\u00e9r\u00e9nit\u00e9 \u00e0 votre int\u00e9rieur.<\/p>\n<p>-La murale comprend des laizes de 18\u2033 (45cm) de largeur. Par exemple, une murale de 6\u2032 (1,83m) de largeur a 4 laizes et une murale de 12\u2032 (3,66m) de largeur a 8 laizes.<\/p>\n<p>-Murale en papier\u00a0peint pr\u00e9encoll\u00e9e, lavable, s\u2019enl\u00e8ve \u00e0 sec et r\u00e9utilisable. Facile \u00e0 installer, se pose comme du papier\u00a0peint (tapisserie).<\/p>\n<p>-murale pluie pastel, tapisserie pluie pastel, tapisserie murale pluie pastel, papier peint pluie pastel, murale en papier peint pluie pastel, murale pastel, tapisserie pastel, murale en papier peint pastel, papier peint pastel<\/p>\n","protected":false},"excerpt":{"rendered":"<p>-Cette murale pr\u00e9sente une composition vibrante et abstraite aux couleurs pastel, m\u00ealant des nuances de bleu, vert, rose et jaune dans un motif textur\u00e9 rappelant des coups de pinceau. Le design \u00e9voque une sensation de l\u00e9g\u00e8ret\u00e9 et de joie, rappelant les fleurs printani\u00e8res ou une douce pluie color\u00e9e. Id\u00e9ale pour illuminer n&#8217;importe quel espace, elle [&hellip;]<\/p>\n","protected":false},"featured_media":94010,"template":"","meta":{"_acf_changed":false},"product_brand":[],"product_cat":[125,303,401],"product_tag":[8751,9701,9611,9844,9239],"class_list":{"0":"post-94204","1":"product","2":"type-product","3":"status-publish","4":"has-post-thumbnail","6":"artist-artistes-varies","7":"product_cat-abstrait-et-geometrie","8":"product_cat-nouveautes","9":"product_cat-tous-nos-produits","10":"product_tag-abstrait","11":"product_tag-multicolore","12":"product_tag-pastel-fr","13":"product_tag-peinture-a-lhuile","14":"product_tag-toile","16":"first","17":"instock","18":"taxable","19":"shipping-taxable","20":"purchasable","21":"product-type-variable","22":"has-default-attributes"},"acf":[],"_links":{"self":[{"href":"https:\/\/www.muralunique.com\/fr\/wp-json\/wp\/v2\/product\/94204","targetHints":{"allow":["GET"]}}],"collection":[{"href":"https:\/\/www.muralunique.com\/fr\/wp-json\/wp\/v2\/product"}],"about":[{"href":"https:\/\/www.muralunique.com\/fr\/wp-json\/wp\/v2\/types\/product"}],"wp:featuredmedia":[{"embeddable":true,"href":"https:\/\/www.muralunique.com\/fr\/wp-json\/wp\/v2\/media\/94010"}],"wp:attachment":[{"href":"https:\/\/www.muralunique.com\/fr\/wp-json\/wp\/v2\/media?parent=94204"}],"wp:term":[{"taxonomy":"product_brand","embeddable":true,"href":"https:\/\/www.muralunique.com\/fr\/wp-json\/wp\/v2\/product_brand?post=94204"},{"taxonomy":"product_cat","embeddable":true,"href":"https:\/\/www.muralunique.com\/fr\/wp-json\/wp\/v2\/product_cat?post=94204"},{"taxonomy":"product_tag","embeddable":true,"href":"https:\/\/www.muralunique.com\/fr\/wp-json\/wp\/v2\/product_tag?post=94204"}],"curies":[{"name":"wp","href":"https:\/\/api.w.org\/{rel}","templated":true}]}}