{"id":94265,"date":"2024-12-05T15:27:46","date_gmt":"2024-12-05T20:27:46","guid":{"rendered":"https:\/\/www.muralunique.com\/?post_type=product&#038;p=94265"},"modified":"2024-12-05T15:47:08","modified_gmt":"2024-12-05T20:47:08","slug":"echo-intemporel","status":"publish","type":"product","link":"https:\/\/www.muralunique.com\/fr\/produit\/echo-intemporel\/","title":{"rendered":"\u00c9cho Intemporel"},"content":{"rendered":"<p>-Cette murale pr\u00e9sente un motif complexe d&#8217;anneaux concentriques \u00e9voquant les cernes de croissance des arbres, r\u00e9alis\u00e9 avec une technique de pointill\u00e9. Le design m\u00eale courbes organiques et d\u00e9tails textur\u00e9s dans des tons naturels, apportant une esth\u00e9tique \u00e0 la fois sophistiqu\u00e9e et naturelle. Id\u00e9al pour ajouter de la profondeur et du caract\u00e8re aux int\u00e9rieurs modernes ou rustiques.<\/p>\n<p>-La murale comprend des laizes de 18\u2033 (45cm) de largeur. Par exemple, une murale de 6\u2032 (1,83m) de largeur a 4 laizes et une murale de 12\u2032 (3,66m) de largeur a 8 laizes.<\/p>\n<p>-Murale en papier\u00a0peint pr\u00e9encoll\u00e9e, lavable, s\u2019enl\u00e8ve \u00e0 sec et r\u00e9utilisable. Facile \u00e0 installer, se pose comme du papier\u00a0peint (tapisserie).<\/p>\n<p>-murale \u00e9cho intemporel, murale en papier peint \u00e9cho intemporel, tapisserie \u00e9cho intemporel, tapisserie murale \u00e9cho intemporel, papier peint \u00e9cho intemporel, murale g\u00e9om\u00e9trique, murale en papier peint g\u00e9om\u00e9trique<\/p>\n","protected":false},"excerpt":{"rendered":"<p>-Cette murale pr\u00e9sente un motif complexe d&#8217;anneaux concentriques \u00e9voquant les cernes de croissance des arbres, r\u00e9alis\u00e9 avec une technique de pointill\u00e9. Le design m\u00eale courbes organiques et d\u00e9tails textur\u00e9s dans des tons naturels, apportant une esth\u00e9tique \u00e0 la fois sophistiqu\u00e9e et naturelle. Id\u00e9al pour ajouter de la profondeur et du caract\u00e8re aux int\u00e9rieurs modernes ou [&hellip;]<\/p>\n","protected":false},"featured_media":94340,"template":"","meta":{"_acf_changed":false},"product_brand":[],"product_cat":[125,303,401],"product_tag":[8751,10193,8899,9047,9049],"class_list":{"0":"post-94265","1":"product","2":"type-product","3":"status-publish","4":"has-post-thumbnail","6":"artist-artistes-varies","7":"product_cat-abstrait-et-geometrie","8":"product_cat-nouveautes","9":"product_cat-tous-nos-produits","10":"product_tag-abstrait","11":"product_tag-cercle","12":"product_tag-cercles","13":"product_tag-geometrie","14":"product_tag-geometrique","16":"first","17":"instock","18":"taxable","19":"shipping-taxable","20":"purchasable","21":"product-type-variable","22":"has-default-attributes"},"acf":[],"_links":{"self":[{"href":"https:\/\/www.muralunique.com\/fr\/wp-json\/wp\/v2\/product\/94265","targetHints":{"allow":["GET"]}}],"collection":[{"href":"https:\/\/www.muralunique.com\/fr\/wp-json\/wp\/v2\/product"}],"about":[{"href":"https:\/\/www.muralunique.com\/fr\/wp-json\/wp\/v2\/types\/product"}],"wp:featuredmedia":[{"embeddable":true,"href":"https:\/\/www.muralunique.com\/fr\/wp-json\/wp\/v2\/media\/94340"}],"wp:attachment":[{"href":"https:\/\/www.muralunique.com\/fr\/wp-json\/wp\/v2\/media?parent=94265"}],"wp:term":[{"taxonomy":"product_brand","embeddable":true,"href":"https:\/\/www.muralunique.com\/fr\/wp-json\/wp\/v2\/product_brand?post=94265"},{"taxonomy":"product_cat","embeddable":true,"href":"https:\/\/www.muralunique.com\/fr\/wp-json\/wp\/v2\/product_cat?post=94265"},{"taxonomy":"product_tag","embeddable":true,"href":"https:\/\/www.muralunique.com\/fr\/wp-json\/wp\/v2\/product_tag?post=94265"}],"curies":[{"name":"wp","href":"https:\/\/api.w.org\/{rel}","templated":true}]}}