{"id":94288,"date":"2024-12-06T15:23:11","date_gmt":"2024-12-06T20:23:11","guid":{"rendered":"https:\/\/www.muralunique.com\/?post_type=product&#038;p=94288"},"modified":"2025-10-10T13:30:09","modified_gmt":"2025-10-10T17:30:09","slug":"harmonie-geometrique","status":"publish","type":"product","link":"https:\/\/www.muralunique.com\/fr\/produit\/harmonie-geometrique\/","title":{"rendered":"Harmonie G\u00e9om\u00e9trique"},"content":{"rendered":"<p>-&#8220;<em>Harmonie G\u00e9om\u00e9trique&#8221;<\/em> est une murale saisissante qui marie des motifs g\u00e9om\u00e9triques modernes \u00e0 des teintes terreuses, cr\u00e9ant une esth\u00e9tique chaleureuse et \u00e9quilibr\u00e9e. L&#8217;arrangement rythmique des formes triangulaires \u00e9voque un sentiment d&#8217;ordre et de connexion, tandis que les nuances naturelles de terracotta, beige et charbon apportent une chaleur apaisante \u00e0 tout espace. Parfait pour ajouter de la texture et du raffinement aux int\u00e9rieurs, ce design s&#8217;harmonise aussi bien avec des styles contemporains que rustiques.<\/p>\n<p><strong>-Cette murale peut \u00eatre r\u00e9p\u00e9t\u00e9e horizontalement et verticalement.<\/strong><\/p>\n<p>-La murale comprend des laizes de 18\u2033 (45cm) de largeur. Par exemple, une murale de 6\u2032 (1,83m) de largeur a 4 laizes et une murale de 12\u2032 (3,66m) de largeur a 8 laizes.<\/p>\n<p>-Murale en papier\u00a0peint pr\u00e9encoll\u00e9e, lavable, s\u2019enl\u00e8ve \u00e0 sec et r\u00e9utilisable. Facile \u00e0 installer, se pose comme du papier\u00a0peint (tapisserie).<\/p>\n<p>-murale harmonie g\u00e9om\u00e9trique, tapisserie harmonie g\u00e9om\u00e9trique, tapisserie murale harmonie g\u00e9om\u00e9trique, murale en papier peint harmonie g\u00e9om\u00e9trique, papier peint harmonie g\u00e9om\u00e9trique<\/p>\n","protected":false},"excerpt":{"rendered":"<p>-&#8220;Harmonie G\u00e9om\u00e9trique&#8221; est une murale saisissante qui marie des motifs g\u00e9om\u00e9triques modernes \u00e0 des teintes terreuses, cr\u00e9ant une esth\u00e9tique chaleureuse et \u00e9quilibr\u00e9e. L&#8217;arrangement rythmique des formes triangulaires \u00e9voque un sentiment d&#8217;ordre et de connexion, tandis que les nuances naturelles de terracotta, beige et charbon apportent une chaleur apaisante \u00e0 tout espace. Parfait pour ajouter de [&hellip;]<\/p>\n","protected":false},"featured_media":94298,"template":"","meta":{"_acf_changed":false},"product_brand":[],"product_cat":[125,303,401],"product_tag":[9047,9049,9617,10564,10565],"class_list":{"0":"post-94288","1":"product","2":"type-product","3":"status-publish","4":"has-post-thumbnail","6":"artist-artistes-varies","7":"product_cat-abstrait-et-geometrie","8":"product_cat-nouveautes","9":"product_cat-tous-nos-produits","10":"product_tag-geometrie","11":"product_tag-geometrique","12":"product_tag-motif","13":"product_tag-triangle-fr","14":"product_tag-triangles-fr","16":"first","17":"instock","18":"taxable","19":"shipping-taxable","20":"purchasable","21":"product-type-variable","22":"has-default-attributes"},"acf":[],"_links":{"self":[{"href":"https:\/\/www.muralunique.com\/fr\/wp-json\/wp\/v2\/product\/94288","targetHints":{"allow":["GET"]}}],"collection":[{"href":"https:\/\/www.muralunique.com\/fr\/wp-json\/wp\/v2\/product"}],"about":[{"href":"https:\/\/www.muralunique.com\/fr\/wp-json\/wp\/v2\/types\/product"}],"wp:featuredmedia":[{"embeddable":true,"href":"https:\/\/www.muralunique.com\/fr\/wp-json\/wp\/v2\/media\/94298"}],"wp:attachment":[{"href":"https:\/\/www.muralunique.com\/fr\/wp-json\/wp\/v2\/media?parent=94288"}],"wp:term":[{"taxonomy":"product_brand","embeddable":true,"href":"https:\/\/www.muralunique.com\/fr\/wp-json\/wp\/v2\/product_brand?post=94288"},{"taxonomy":"product_cat","embeddable":true,"href":"https:\/\/www.muralunique.com\/fr\/wp-json\/wp\/v2\/product_cat?post=94288"},{"taxonomy":"product_tag","embeddable":true,"href":"https:\/\/www.muralunique.com\/fr\/wp-json\/wp\/v2\/product_tag?post=94288"}],"curies":[{"name":"wp","href":"https:\/\/api.w.org\/{rel}","templated":true}]}}