{"id":94356,"date":"2024-12-11T14:00:31","date_gmt":"2024-12-11T19:00:31","guid":{"rendered":"https:\/\/www.muralunique.com\/?post_type=product&#038;p=94356"},"modified":"2025-10-10T13:33:30","modified_gmt":"2025-10-10T17:33:30","slug":"rythme-texture","status":"publish","type":"product","link":"https:\/\/www.muralunique.com\/fr\/produit\/rythme-texture\/","title":{"rendered":"Rythme Textur\u00e9"},"content":{"rendered":"<p>-&#8220;Rythme Textur\u00e9&#8221; est une tapisserie murale moderne pr\u00e9sentant un motif g\u00e9om\u00e9trique \u00e9labor\u00e9 compos\u00e9 de formes losang\u00e9es imbriqu\u00e9es. La texture subtile \u00e0 l&#8217;int\u00e9rieur de chaque forme ajoute de la profondeur et de la sophistication, en faisant un choix polyvalent pour les espaces contemporains et minimalistes. Les teintes douces renforcent son \u00e9l\u00e9gance, cr\u00e9ant une atmosph\u00e8re sereine et \u00e9quilibr\u00e9e.<\/p>\n<p><strong>-Cette murale peut \u00eatre r\u00e9p\u00e9t\u00e9e horizontalement et verticalement.<\/strong><\/p>\n<p>-La murale comprend des laizes de 18\u2033 (45cm) de largeur. Par exemple, une murale de 6\u2032 (1,83m) de largeur a 4 laizes et une murale de 12\u2032 (3,66m) de largeur a 8 laizes.<\/p>\n<p>-Murale en papier\u00a0peint pr\u00e9encoll\u00e9e, lavable, s\u2019enl\u00e8ve \u00e0 sec et r\u00e9utilisable. Facile \u00e0 installer, se pose comme du papier\u00a0peint (tapisserie).<\/p>\n<p>-murale rythme textur\u00e9, tapisserie murale rythme textur\u00e9, murale en papier peint rythme textur\u00e9, papier peint rythme textur\u00e9, murale g\u00e9om\u00e9trique, tapisserie murale g\u00e9om\u00e9trique, papier peint g\u00e9om\u00e9trique<\/p>\n","protected":false},"excerpt":{"rendered":"<p>-&#8220;Rythme Textur\u00e9&#8221; est une tapisserie murale moderne pr\u00e9sentant un motif g\u00e9om\u00e9trique \u00e9labor\u00e9 compos\u00e9 de formes losang\u00e9es imbriqu\u00e9es. La texture subtile \u00e0 l&#8217;int\u00e9rieur de chaque forme ajoute de la profondeur et de la sophistication, en faisant un choix polyvalent pour les espaces contemporains et minimalistes. Les teintes douces renforcent son \u00e9l\u00e9gance, cr\u00e9ant une atmosph\u00e8re sereine et [&hellip;]<\/p>\n","protected":false},"featured_media":94366,"template":"","meta":{"_acf_changed":false},"product_brand":[],"product_cat":[125,303,401],"product_tag":[10272,10273,9047,9049,9617],"class_list":{"0":"post-94356","1":"product","2":"type-product","3":"status-publish","4":"has-post-thumbnail","6":"artist-artistes-varies","7":"product_cat-abstrait-et-geometrie","8":"product_cat-nouveautes","9":"product_cat-tous-nos-produits","10":"product_tag-diamant","11":"product_tag-diamants","12":"product_tag-geometrie","13":"product_tag-geometrique","14":"product_tag-motif","16":"first","17":"instock","18":"taxable","19":"shipping-taxable","20":"purchasable","21":"product-type-variable","22":"has-default-attributes"},"acf":[],"_links":{"self":[{"href":"https:\/\/www.muralunique.com\/fr\/wp-json\/wp\/v2\/product\/94356","targetHints":{"allow":["GET"]}}],"collection":[{"href":"https:\/\/www.muralunique.com\/fr\/wp-json\/wp\/v2\/product"}],"about":[{"href":"https:\/\/www.muralunique.com\/fr\/wp-json\/wp\/v2\/types\/product"}],"wp:featuredmedia":[{"embeddable":true,"href":"https:\/\/www.muralunique.com\/fr\/wp-json\/wp\/v2\/media\/94366"}],"wp:attachment":[{"href":"https:\/\/www.muralunique.com\/fr\/wp-json\/wp\/v2\/media?parent=94356"}],"wp:term":[{"taxonomy":"product_brand","embeddable":true,"href":"https:\/\/www.muralunique.com\/fr\/wp-json\/wp\/v2\/product_brand?post=94356"},{"taxonomy":"product_cat","embeddable":true,"href":"https:\/\/www.muralunique.com\/fr\/wp-json\/wp\/v2\/product_cat?post=94356"},{"taxonomy":"product_tag","embeddable":true,"href":"https:\/\/www.muralunique.com\/fr\/wp-json\/wp\/v2\/product_tag?post=94356"}],"curies":[{"name":"wp","href":"https:\/\/api.w.org\/{rel}","templated":true}]}}