{"id":94392,"date":"2024-12-13T11:44:01","date_gmt":"2024-12-13T16:44:01","guid":{"rendered":"https:\/\/www.muralunique.com\/?post_type=product&#038;p=94392"},"modified":"2025-10-10T14:19:32","modified_gmt":"2025-10-10T18:19:32","slug":"murmures-de-couleurs","status":"publish","type":"product","link":"https:\/\/www.muralunique.com\/fr\/produit\/murmures-de-couleurs\/","title":{"rendered":"Murmures de Couleurs"},"content":{"rendered":"<p>-\u00abMurmures de Couleurs\u00bb insuffle une s\u00e9r\u00e9nit\u00e9 \u00e0 votre int\u00e9rieur gr\u00e2ce \u00e0 l\u2019harmonie d\u00e9licate de ses tons pastel. Des touches subtiles de bleu, de rose poudr\u00e9 et d&#8217;orange s\u2019entrelacent en motifs rythmiques, cr\u00e9ant une ambiance chaleureuse et apaisante. Id\u00e9al pour apporter une touche douce et lumineuse \u00e0 n\u2019importe quelle pi\u00e8ce.<\/p>\n<p><strong>-Cette murale peut \u00eatre r\u00e9p\u00e9t\u00e9e horizontalement et verticalement.<\/strong><\/p>\n<p>-La murale comprend des laizes de 18\u2033 (45cm) de largeur. Par exemple, une murale de 6\u2032 (1,83m) de largeur a 4 laizes et une murale de 12\u2032 (3,66m) de largeur a 8 laizes.<\/p>\n<p>-Murale en papier\u00a0peint pr\u00e9encoll\u00e9e, lavable, s\u2019enl\u00e8ve \u00e0 sec et r\u00e9utilisable. Facile \u00e0 installer, se pose comme du papier\u00a0peint (tapisserie).<\/p>\n<p>-murale murmures de couleurs, tapisserie murale murmures de couleurs, tapisserie murmures de couleurs, papier peint murmures de couleurs, murale en papier peint murmures de couleurs, murale multicolore<\/p>\n","protected":false},"excerpt":{"rendered":"<p>-\u00abMurmures de Couleurs\u00bb insuffle une s\u00e9r\u00e9nit\u00e9 \u00e0 votre int\u00e9rieur gr\u00e2ce \u00e0 l\u2019harmonie d\u00e9licate de ses tons pastel. Des touches subtiles de bleu, de rose poudr\u00e9 et d&#8217;orange s\u2019entrelacent en motifs rythmiques, cr\u00e9ant une ambiance chaleureuse et apaisante. Id\u00e9al pour apporter une touche douce et lumineuse \u00e0 n\u2019importe quelle pi\u00e8ce. -Cette murale peut \u00eatre r\u00e9p\u00e9t\u00e9e horizontalement [&hellip;]<\/p>\n","protected":false},"featured_media":94402,"template":"","meta":{"_acf_changed":false},"product_brand":[],"product_cat":[125,303,401],"product_tag":[9047,9049,10194,9877,9617,9701,10566,9425],"class_list":{"0":"post-94392","1":"product","2":"type-product","3":"status-publish","4":"has-post-thumbnail","6":"artist-artistes-varies","7":"product_cat-abstrait-et-geometrie","8":"product_cat-nouveautes","9":"product_cat-tous-nos-produits","10":"product_tag-geometrie","11":"product_tag-geometrique","12":"product_tag-ligne","13":"product_tag-lignes","14":"product_tag-motif","15":"product_tag-multicolore","16":"product_tag-rayure","17":"product_tag-rayures","19":"first","20":"instock","21":"taxable","22":"shipping-taxable","23":"purchasable","24":"product-type-variable","25":"has-default-attributes"},"acf":[],"_links":{"self":[{"href":"https:\/\/www.muralunique.com\/fr\/wp-json\/wp\/v2\/product\/94392","targetHints":{"allow":["GET"]}}],"collection":[{"href":"https:\/\/www.muralunique.com\/fr\/wp-json\/wp\/v2\/product"}],"about":[{"href":"https:\/\/www.muralunique.com\/fr\/wp-json\/wp\/v2\/types\/product"}],"wp:featuredmedia":[{"embeddable":true,"href":"https:\/\/www.muralunique.com\/fr\/wp-json\/wp\/v2\/media\/94402"}],"wp:attachment":[{"href":"https:\/\/www.muralunique.com\/fr\/wp-json\/wp\/v2\/media?parent=94392"}],"wp:term":[{"taxonomy":"product_brand","embeddable":true,"href":"https:\/\/www.muralunique.com\/fr\/wp-json\/wp\/v2\/product_brand?post=94392"},{"taxonomy":"product_cat","embeddable":true,"href":"https:\/\/www.muralunique.com\/fr\/wp-json\/wp\/v2\/product_cat?post=94392"},{"taxonomy":"product_tag","embeddable":true,"href":"https:\/\/www.muralunique.com\/fr\/wp-json\/wp\/v2\/product_tag?post=94392"}],"curies":[{"name":"wp","href":"https:\/\/api.w.org\/{rel}","templated":true}]}}