{"id":94497,"date":"2024-12-17T16:01:52","date_gmt":"2024-12-17T21:01:52","guid":{"rendered":"https:\/\/www.muralunique.com\/?post_type=product&#038;p=94497"},"modified":"2024-12-17T16:29:12","modified_gmt":"2024-12-17T21:29:12","slug":"echos-de-la-nature","status":"publish","type":"product","link":"https:\/\/www.muralunique.com\/fr\/produit\/echos-de-la-nature\/","title":{"rendered":"\u00c9chos de la Nature"},"content":{"rendered":"<p>-&#8220;\u00c9chos de Nature&#8221; \u00e9voque une harmonie sereine entre l\u2019\u00e9l\u00e9gance de la g\u00e9om\u00e9trie Art D\u00e9co et les doux murmures du monde naturel. Les nuances subtiles de vert et les textures d\u00e9licates se fondent harmonieusement, cr\u00e9ant une murale \u00e0 la fois intemporelle et apaisante. Les feuilles botaniques superpos\u00e9es, voil\u00e9es de brume et de motifs raffin\u00e9s, insufflent une touche de tranquillit\u00e9 et de sophistication \u00e0 tout espace.<\/p>\n<p>-La murale comprend des laizes de 18\u2033 (45cm) de largeur. Par exemple, une murale de 6\u2032 (1,83m) de largeur a 4 laizes et une murale de 12\u2032 (3,66m) de largeur a 8 laizes.<\/p>\n<p>-Murale en papier\u00a0peint pr\u00e9encoll\u00e9e, lavable, s\u2019enl\u00e8ve \u00e0 sec et r\u00e9utilisable. Facile \u00e0 installer, se pose comme du papier\u00a0peint (tapisserie).<\/p>\n<p>-murale \u00e9chos de la nature, tapisserie \u00e9chos de la nature, tapisserie murale \u00e9chos de la nature, murale en papier peint \u00e9chos de la nature, papier peint \u00e9chos de la nature, murale de feuillage, tapisserie de feuillage<\/p>\n","protected":false},"excerpt":{"rendered":"<p>-&#8220;\u00c9chos de Nature&#8221; \u00e9voque une harmonie sereine entre l\u2019\u00e9l\u00e9gance de la g\u00e9om\u00e9trie Art D\u00e9co et les doux murmures du monde naturel. Les nuances subtiles de vert et les textures d\u00e9licates se fondent harmonieusement, cr\u00e9ant une murale \u00e0 la fois intemporelle et apaisante. Les feuilles botaniques superpos\u00e9es, voil\u00e9es de brume et de motifs raffin\u00e9s, insufflent une [&hellip;]<\/p>\n","protected":false},"featured_media":94511,"template":"","meta":{"_acf_changed":false},"product_brand":[],"product_cat":[125,150,303,401],"product_tag":[9724,9715,9014,9142,9144,9713,9047,9049,9617],"class_list":{"0":"post-94497","1":"product","2":"type-product","3":"status-publish","4":"has-post-thumbnail","6":"artist-artistes-varies","7":"product_cat-abstrait-et-geometrie","8":"product_cat-fleurs-et-feuillages","9":"product_cat-nouveautes","10":"product_cat-tous-nos-produits","11":"product_tag-art-fr","12":"product_tag-banane","13":"product_tag-feuillage","14":"product_tag-feuille","15":"product_tag-feuilles","16":"product_tag-feuilles-de-banane","17":"product_tag-geometrie","18":"product_tag-geometrique","19":"product_tag-motif","21":"first","22":"instock","23":"taxable","24":"shipping-taxable","25":"purchasable","26":"product-type-variable","27":"has-default-attributes"},"acf":[],"_links":{"self":[{"href":"https:\/\/www.muralunique.com\/fr\/wp-json\/wp\/v2\/product\/94497","targetHints":{"allow":["GET"]}}],"collection":[{"href":"https:\/\/www.muralunique.com\/fr\/wp-json\/wp\/v2\/product"}],"about":[{"href":"https:\/\/www.muralunique.com\/fr\/wp-json\/wp\/v2\/types\/product"}],"wp:featuredmedia":[{"embeddable":true,"href":"https:\/\/www.muralunique.com\/fr\/wp-json\/wp\/v2\/media\/94511"}],"wp:attachment":[{"href":"https:\/\/www.muralunique.com\/fr\/wp-json\/wp\/v2\/media?parent=94497"}],"wp:term":[{"taxonomy":"product_brand","embeddable":true,"href":"https:\/\/www.muralunique.com\/fr\/wp-json\/wp\/v2\/product_brand?post=94497"},{"taxonomy":"product_cat","embeddable":true,"href":"https:\/\/www.muralunique.com\/fr\/wp-json\/wp\/v2\/product_cat?post=94497"},{"taxonomy":"product_tag","embeddable":true,"href":"https:\/\/www.muralunique.com\/fr\/wp-json\/wp\/v2\/product_tag?post=94497"}],"curies":[{"name":"wp","href":"https:\/\/api.w.org\/{rel}","templated":true}]}}