{"id":9457,"date":"2017-07-18T15:53:12","date_gmt":"2017-07-18T15:53:12","guid":{"rendered":"https:\/\/muralunique.com\/?post_type=product&#038;p=9457"},"modified":"2025-09-30T16:18:37","modified_gmt":"2025-09-30T20:18:37","slug":"planches-de-bois-multicolores","status":"publish","type":"product","link":"https:\/\/www.muralunique.com\/fr\/produit\/planches-de-bois-multicolores\/","title":{"rendered":"Planches de Bois Multicolores"},"content":{"rendered":"<p>-Magnifique murale en papier peint d&#8217;un mur de planches de bois avec des diff\u00e9rentes couleurs. La qualit\u00e9 (r\u00e9solution) de cette image est exceptionnelle (800\u00a0M\u00e9gaPixels).<\/p>\n<p>-La murale comprend des laizes de 18\u2033 (45cm) de largeur. Par exemple, une murale de 6\u2032 (1,83m) de largeur a 4 laizes et une murale de 12\u2032 (3,66m) de largeur a 8 laizes.<\/p>\n<p>-Murale en papier\u00a0peint pr\u00e9encoll\u00e9e, lavable, s\u2019enl\u00e8ve \u00e0 sec et r\u00e9utilisable. Facile \u00e0 installer, se pose comme du papier\u00a0peint (tapisserie).<\/p>\n<p>-Photographie de Donn Petelka. Vous pouvez obtenir plus d&#8217;informations \u00e0 cette adresse:\u00a0<a href=\"mailto:donnpetelka@gmail.com\" target=\"_blank\" rel=\"noopener noreferrer\">donnpetelka@gmail.com<\/a>.<\/p>\n<p>\u200b-Reproduction autoris\u00e9e par Dala Decor: 2879 Dundas Street Ouest, Toronto, Ontario, Canada, <a href=\"https:\/\/www.daladecor.com\/\" rel=\"nofollow noopener\" target=\"_blank\">www.daladecor.com<\/a>.<\/p>\n<p>-murale planches de bois, photo murale planches de bois, papier peint planches de bois, papier peint bois, murale texture bois<\/p>\n","protected":false},"excerpt":{"rendered":"<p>-Magnifique murale en papier peint d&#8217;un mur de planches de bois avec des diff\u00e9rentes couleurs. La qualit\u00e9 (r\u00e9solution) de cette image est exceptionnelle (800\u00a0M\u00e9gaPixels). -La murale comprend des laizes de 18\u2033 (45cm) de largeur. Par exemple, une murale de 6\u2032 (1,83m) de largeur a 4 laizes et une murale de 12\u2032 (3,66m) de largeur a [&hellip;]<\/p>\n","protected":false},"featured_media":9458,"template":"","meta":{"_acf_changed":false},"product_brand":[197],"product_cat":[169,401,427],"product_tag":[9538,9515,9282,9283,9542,9447,9448],"class_list":{"0":"post-9457","1":"product","2":"type-product","3":"status-publish","4":"has-post-thumbnail","6":"artist-donn-petelka-fr","7":"product_brand-donn-petelka-2","8":"product_cat-textures-2","9":"product_cat-tous-nos-produits","10":"product_cat-ultra-haute-d-finition-photos","11":"product_tag-bois","12":"product_tag-mur","13":"product_tag-planche","14":"product_tag-planches","15":"product_tag-planches-de-bois","16":"product_tag-texture-fr","17":"product_tag-texture-fr-2","19":"first","20":"instock","21":"taxable","22":"shipping-taxable","23":"purchasable","24":"product-type-variable","25":"has-default-attributes"},"acf":[],"_links":{"self":[{"href":"https:\/\/www.muralunique.com\/fr\/wp-json\/wp\/v2\/product\/9457","targetHints":{"allow":["GET"]}}],"collection":[{"href":"https:\/\/www.muralunique.com\/fr\/wp-json\/wp\/v2\/product"}],"about":[{"href":"https:\/\/www.muralunique.com\/fr\/wp-json\/wp\/v2\/types\/product"}],"wp:featuredmedia":[{"embeddable":true,"href":"https:\/\/www.muralunique.com\/fr\/wp-json\/wp\/v2\/media\/9458"}],"wp:attachment":[{"href":"https:\/\/www.muralunique.com\/fr\/wp-json\/wp\/v2\/media?parent=9457"}],"wp:term":[{"taxonomy":"product_brand","embeddable":true,"href":"https:\/\/www.muralunique.com\/fr\/wp-json\/wp\/v2\/product_brand?post=9457"},{"taxonomy":"product_cat","embeddable":true,"href":"https:\/\/www.muralunique.com\/fr\/wp-json\/wp\/v2\/product_cat?post=9457"},{"taxonomy":"product_tag","embeddable":true,"href":"https:\/\/www.muralunique.com\/fr\/wp-json\/wp\/v2\/product_tag?post=9457"}],"curies":[{"name":"wp","href":"https:\/\/api.w.org\/{rel}","templated":true}]}}