{"id":9466,"date":"2017-07-25T14:01:30","date_gmt":"2017-07-25T14:01:30","guid":{"rendered":"https:\/\/muralunique.com\/?post_type=product&#038;p=9466"},"modified":"2021-07-30T13:32:03","modified_gmt":"2021-07-30T17:32:03","slug":"vue-du-centre-ville-de-montreal-a-partir-du-mont-royal-noir-et-blanc","status":"publish","type":"product","link":"https:\/\/www.muralunique.com\/fr\/produit\/vue-du-centre-ville-de-montreal-a-partir-du-mont-royal-noir-et-blanc\/","title":{"rendered":"Vue du Centre-Ville de Montr\u00e9al \u00e0 partir du Mont Royal (Noir et Blanc)"},"content":{"rendered":"<p>-Photo murale en papier peint en noir et blanc d&#8217;une magnifique vue du centre-ville de Montr\u00e9al \u00e0 partir du Mont Royal (Qu\u00e9bec, Canada).\u00a0La qualit\u00e9 (r\u00e9solution) de cette image est exceptionnelle (700 M\u00e9gaPixels).<\/p>\n<p>-La murale comprend des laizes de 18\u2033 (45cm) de largeur. Par exemple, une murale de 6\u2032 (1,83m) de largeur a 4 laizes et une murale de 12\u2032 (3,66m) de largeur a 8 laizes.<\/p>\n<p>-Murale en papier\u00a0peint pr\u00e9encoll\u00e9e, lavable, s\u2019enl\u00e8ve \u00e0 sec et r\u00e9utilisable. Facile \u00e0 installer, se pose comme du papier\u00a0peint (tapisserie).<\/p>\n<p>-Photographie de Donn Petelka. Vous pouvez obtenir plus d&#8217;informations \u00e0 cette adresse:\u00a0<a href=\"mailto:donnpetelka@gmail.com\" target=\"_blank\" rel=\"noopener noreferrer\">donnpetelka@gmail.com<\/a>.<\/p>\n<p>-murale Centre-Ville de Montr\u00e9al, photo murale Centre-Ville de Montr\u00e9al, papier peint Centre-Ville de Montr\u00e9al. tapisserie Centre-Ville de Montr\u00e9al<\/p>\n","protected":false},"excerpt":{"rendered":"<p>-Photo murale en papier peint en noir et blanc d&#8217;une magnifique vue du centre-ville de Montr\u00e9al \u00e0 partir du Mont Royal (Qu\u00e9bec, Canada).\u00a0La qualit\u00e9 (r\u00e9solution) de cette image est exceptionnelle (700 M\u00e9gaPixels). -La murale comprend des laizes de 18\u2033 (45cm) de largeur. Par exemple, une murale de 6\u2032 (1,83m) de largeur a 4 laizes et [&hellip;]<\/p>\n","protected":false},"featured_media":9467,"template":"","meta":{"_acf_changed":false},"product_brand":[197],"product_cat":[166,401,427],"product_tag":[8676,9382,9381,9194,8902,9306,9500,8901,9508],"class_list":{"0":"post-9466","1":"product","2":"type-product","3":"status-publish","4":"has-post-thumbnail","6":"artist-donn-petelka-fr","7":"product_brand-donn-petelka-2","8":"product_cat-scenes-urbaines-villes","9":"product_cat-tous-nos-produits","10":"product_cat-ultra-haute-d-finition-photos","11":"product_tag-canada-fr","12":"product_tag-grattes-ciels","13":"product_tag-horizon","14":"product_tag-montreal-fr","15":"product_tag-paysage-urbain","16":"product_tag-quebec-fr","17":"product_tag-urbain","18":"product_tag-ville","19":"product_tag-vue","21":"first","22":"instock","23":"taxable","24":"shipping-taxable","25":"purchasable","26":"product-type-variable","27":"has-default-attributes"},"acf":[],"_links":{"self":[{"href":"https:\/\/www.muralunique.com\/fr\/wp-json\/wp\/v2\/product\/9466","targetHints":{"allow":["GET"]}}],"collection":[{"href":"https:\/\/www.muralunique.com\/fr\/wp-json\/wp\/v2\/product"}],"about":[{"href":"https:\/\/www.muralunique.com\/fr\/wp-json\/wp\/v2\/types\/product"}],"wp:featuredmedia":[{"embeddable":true,"href":"https:\/\/www.muralunique.com\/fr\/wp-json\/wp\/v2\/media\/9467"}],"wp:attachment":[{"href":"https:\/\/www.muralunique.com\/fr\/wp-json\/wp\/v2\/media?parent=9466"}],"wp:term":[{"taxonomy":"product_brand","embeddable":true,"href":"https:\/\/www.muralunique.com\/fr\/wp-json\/wp\/v2\/product_brand?post=9466"},{"taxonomy":"product_cat","embeddable":true,"href":"https:\/\/www.muralunique.com\/fr\/wp-json\/wp\/v2\/product_cat?post=9466"},{"taxonomy":"product_tag","embeddable":true,"href":"https:\/\/www.muralunique.com\/fr\/wp-json\/wp\/v2\/product_tag?post=9466"}],"curies":[{"name":"wp","href":"https:\/\/api.w.org\/{rel}","templated":true}]}}