{"id":9528,"date":"2017-08-10T12:38:09","date_gmt":"2017-08-10T12:38:09","guid":{"rendered":"https:\/\/muralunique.com\/?post_type=product&#038;p=9528"},"modified":"2022-04-16T19:44:15","modified_gmt":"2022-04-16T23:44:15","slug":"golfe-des-poetes-porto-venere-italie","status":"publish","type":"product","link":"https:\/\/www.muralunique.com\/fr\/produit\/golfe-des-poetes-porto-venere-italie\/","title":{"rendered":"Golfe des Po\u00e8tes, Porto Venere, Italie"},"content":{"rendered":"<p>-Murale trompe l&#8217;oeil d&#8217;une magnifique vue du Golfe des Po\u00e8tes \u00e0 Porto Venere, Italie.<\/p>\n<p>-La murale comprend des laizes de 18&#8243; (45cm) de largeur. Par exemple, une murale de 6&#8242; (1,83m) de largeur a 4 laizes et une murale de 12&#8242; (3,66m) de largeur a 8 laizes.<\/p>\n<p>-Murale en papier\u00a0peint pr\u00e9encoll\u00e9e, lavable, s&#8217;enl\u00e8ve \u00e0 sec et r\u00e9utilisable. Facile \u00e0 installer, se pose comme du papier\u00a0peint (tapisserie).<\/p>\n<p>-Photography by Perry Mastrovito. Go to\u00a0<a href=\"http:\/\/www.perrymastrovito.com\/\" rel=\"nofollow noopener\" target=\"_blank\">www.perrymastrovito.com<\/a>\u00a0for more information.<\/p>\n<p>-murale Italie, papier peint Italie, murale en papier peint Italie, tapisserie Italie, murale trompe l&#8217;oeil<\/p>\n","protected":false},"excerpt":{"rendered":"<p>-Murale trompe l&#8217;oeil d&#8217;une magnifique vue du Golfe des Po\u00e8tes \u00e0 Porto Venere, Italie. -La murale comprend des laizes de 18&#8243; (45cm) de largeur. Par exemple, une murale de 6&#8242; (1,83m) de largeur a 4 laizes et une murale de 12&#8242; (3,66m) de largeur a 8 laizes. -Murale en papier\u00a0peint pr\u00e9encoll\u00e9e, lavable, s&#8217;enl\u00e8ve \u00e0 sec [&hellip;]<\/p>\n","protected":false},"featured_media":31758,"template":"","meta":{"_acf_changed":false},"product_brand":[191],"product_cat":[153,141,401,163],"product_tag":[9517,8691,9115,9352,9231,9336,9612,9485,9508],"class_list":{"0":"post-9528","1":"product","2":"type-product","3":"status-publish","4":"has-post-thumbnail","6":"artist-perry-mastrovito-fr","7":"product_brand-perry-mastrovito","8":"product_cat-eau-et-plages","9":"product_cat-nature-et-paysages","10":"product_cat-tous-nos-produits","11":"product_cat-trompe-loeil","12":"product_tag-eau","13":"product_tag-europe-fr","14":"product_tag-italie","15":"product_tag-mer","16":"product_tag-ocean-fr-2","17":"product_tag-rocks-fr","18":"product_tag-trompe-loeil-fr","19":"product_tag-trompe-oeil-fr","20":"product_tag-vue","22":"first","23":"instock","24":"taxable","25":"shipping-taxable","26":"purchasable","27":"product-type-variable","28":"has-default-attributes"},"acf":[],"_links":{"self":[{"href":"https:\/\/www.muralunique.com\/fr\/wp-json\/wp\/v2\/product\/9528","targetHints":{"allow":["GET"]}}],"collection":[{"href":"https:\/\/www.muralunique.com\/fr\/wp-json\/wp\/v2\/product"}],"about":[{"href":"https:\/\/www.muralunique.com\/fr\/wp-json\/wp\/v2\/types\/product"}],"wp:featuredmedia":[{"embeddable":true,"href":"https:\/\/www.muralunique.com\/fr\/wp-json\/wp\/v2\/media\/31758"}],"wp:attachment":[{"href":"https:\/\/www.muralunique.com\/fr\/wp-json\/wp\/v2\/media?parent=9528"}],"wp:term":[{"taxonomy":"product_brand","embeddable":true,"href":"https:\/\/www.muralunique.com\/fr\/wp-json\/wp\/v2\/product_brand?post=9528"},{"taxonomy":"product_cat","embeddable":true,"href":"https:\/\/www.muralunique.com\/fr\/wp-json\/wp\/v2\/product_cat?post=9528"},{"taxonomy":"product_tag","embeddable":true,"href":"https:\/\/www.muralunique.com\/fr\/wp-json\/wp\/v2\/product_tag?post=9528"}],"curies":[{"name":"wp","href":"https:\/\/api.w.org\/{rel}","templated":true}]}}