{"id":9535,"date":"2017-08-11T13:10:22","date_gmt":"2017-08-11T13:10:22","guid":{"rendered":"https:\/\/muralunique.com\/?post_type=product&#038;p=9535"},"modified":"2022-04-16T19:43:41","modified_gmt":"2022-04-16T23:43:41","slug":"forteresse-de-bard-vallee-daoste-italie-du-nord","status":"publish","type":"product","link":"https:\/\/www.muralunique.com\/fr\/produit\/forteresse-de-bard-vallee-daoste-italie-du-nord\/","title":{"rendered":"Forteresse de Bard, Vall\u00e9e d&#8217;Aoste, Italie du Nord"},"content":{"rendered":"<p>-Magnifique murale du Fort de Bard, Vall\u00e9e d&#8217;Aoste, Italie du Nord. La Forteresse de Bard a \u00e9t\u00e9 construite au 19\u00e8me si\u00e8cle et repr\u00e9sente l&#8217;une des plus imposantes forteresses des Alpes.<\/p>\n<p>-La murale comprend des laizes de 18&#8243; (45cm) de largeur. Par exemple, une murale de 6&#8242; (1,83m) de largeur a 4 laizes et une murale de 12&#8242; (3,66m) de largeur a 8 laizes.<\/p>\n<p>-Murale en papier\u00a0peint pr\u00e9encoll\u00e9e, lavable, s&#8217;enl\u00e8ve \u00e0 sec et r\u00e9utilisable. Facile \u00e0 installer, se pose comme du papier\u00a0peint (tapisserie).<\/p>\n<p>-murale forteresse de Bard, murale de l&#8217;Italie, papier peint de l&#8217;Italie, tapisserie de l&#8217;Italie, murale en papier peint forteresse de Bard<\/p>\n","protected":false},"excerpt":{"rendered":"<p>-Magnifique murale du Fort de Bard, Vall\u00e9e d&#8217;Aoste, Italie du Nord. La Forteresse de Bard a \u00e9t\u00e9 construite au 19\u00e8me si\u00e8cle et repr\u00e9sente l&#8217;une des plus imposantes forteresses des Alpes. -La murale comprend des laizes de 18&#8243; (45cm) de largeur. Par exemple, une murale de 6&#8242; (1,83m) de largeur a 4 laizes et une murale [&hellip;]<\/p>\n","protected":false},"featured_media":31760,"template":"","meta":{"_acf_changed":false},"product_brand":[203],"product_cat":[153,128,141,401],"product_tag":[8877,9517,8691,9021,9115,9536,9537,9137,9501],"class_list":{"0":"post-9535","1":"product","2":"type-product","3":"status-publish","4":"has-post-thumbnail","6":"product_brand-muralunique-com","7":"product_cat-eau-et-plages","8":"product_cat-merveilles-du-monde","9":"product_cat-nature-et-paysages","10":"product_cat-tous-nos-produits","11":"product_tag-chateau","12":"product_tag-eau","13":"product_tag-europe-fr","14":"product_tag-forteresse","15":"product_tag-italie","16":"product_tag-merveilles","17":"product_tag-merveilles-du-monde","18":"product_tag-paysage","19":"product_tag-vallee","21":"first","22":"instock","23":"taxable","24":"shipping-taxable","25":"purchasable","26":"product-type-variable","27":"has-default-attributes"},"acf":[],"_links":{"self":[{"href":"https:\/\/www.muralunique.com\/fr\/wp-json\/wp\/v2\/product\/9535","targetHints":{"allow":["GET"]}}],"collection":[{"href":"https:\/\/www.muralunique.com\/fr\/wp-json\/wp\/v2\/product"}],"about":[{"href":"https:\/\/www.muralunique.com\/fr\/wp-json\/wp\/v2\/types\/product"}],"wp:featuredmedia":[{"embeddable":true,"href":"https:\/\/www.muralunique.com\/fr\/wp-json\/wp\/v2\/media\/31760"}],"wp:attachment":[{"href":"https:\/\/www.muralunique.com\/fr\/wp-json\/wp\/v2\/media?parent=9535"}],"wp:term":[{"taxonomy":"product_brand","embeddable":true,"href":"https:\/\/www.muralunique.com\/fr\/wp-json\/wp\/v2\/product_brand?post=9535"},{"taxonomy":"product_cat","embeddable":true,"href":"https:\/\/www.muralunique.com\/fr\/wp-json\/wp\/v2\/product_cat?post=9535"},{"taxonomy":"product_tag","embeddable":true,"href":"https:\/\/www.muralunique.com\/fr\/wp-json\/wp\/v2\/product_tag?post=9535"}],"curies":[{"name":"wp","href":"https:\/\/api.w.org\/{rel}","templated":true}]}}