{"id":9542,"date":"2017-08-11T15:40:57","date_gmt":"2017-08-11T15:40:57","guid":{"rendered":"https:\/\/muralunique.com\/?post_type=product&#038;p=9542"},"modified":"2022-04-16T19:44:24","modified_gmt":"2022-04-16T23:44:24","slug":"montagnes-de-leverest-au-nepal","status":"publish","type":"product","link":"https:\/\/www.muralunique.com\/fr\/produit\/montagnes-de-leverest-au-nepal\/","title":{"rendered":"Montagnes de l&#8217;Everest au N\u00e9pal"},"content":{"rendered":"<p>-Murale en papier peint d&#8217;une magnifique vue des Montagnes de l&#8217;Everest au N\u00e9pal. L&#8217;Everest est la montagne la plus haute sur Terre.<\/p>\n<p>-La murale comprend des laizes de 18&#8243; (45cm) de largeur. Par exemple, une murale de 6&#8242; (1,83m) de largeur a 4 laizes et une murale de 12&#8242; (3,66m) de largeur a 8 laizes.<\/p>\n<p>-Murale en papier\u00a0peint pr\u00e9encoll\u00e9e, lavable, s&#8217;enl\u00e8ve \u00e0 sec et r\u00e9utilisable. Facile \u00e0 installer, se pose comme du papier\u00a0peint (tapisserie).<\/p>\n<p>-murale montagnes de l&#8217;Everest, papier peint montagnes de l&#8217;Everest, tapisserie montagnes, murale montagnes, papier peint montagne<\/p>\n","protected":false},"excerpt":{"rendered":"<p>-Murale en papier peint d&#8217;une magnifique vue des Montagnes de l&#8217;Everest au N\u00e9pal. L&#8217;Everest est la montagne la plus haute sur Terre. -La murale comprend des laizes de 18&#8243; (45cm) de largeur. Par exemple, une murale de 6&#8242; (1,83m) de largeur a 4 laizes et une murale de 12&#8242; (3,66m) de largeur a 8 laizes. [&hellip;]<\/p>\n","protected":false},"featured_media":31762,"template":"","meta":{"_acf_changed":false},"product_brand":[203],"product_cat":[128,141,401],"product_tag":[9534,9536,9537,9208,9209,9219,9388,9137,9508],"class_list":{"0":"post-9542","1":"product","2":"type-product","3":"status-publish","4":"has-post-thumbnail","6":"product_brand-muralunique-com","7":"product_cat-merveilles-du-monde","8":"product_cat-nature-et-paysages","9":"product_cat-tous-nos-produits","10":"product_tag-hiver","11":"product_tag-merveilles","12":"product_tag-merveilles-du-monde","13":"product_tag-montagne","14":"product_tag-montagnes","15":"product_tag-nature-fr","16":"product_tag-neige","17":"product_tag-paysage","18":"product_tag-vue","20":"first","21":"instock","22":"taxable","23":"shipping-taxable","24":"purchasable","25":"product-type-variable","26":"has-default-attributes"},"acf":[],"_links":{"self":[{"href":"https:\/\/www.muralunique.com\/fr\/wp-json\/wp\/v2\/product\/9542","targetHints":{"allow":["GET"]}}],"collection":[{"href":"https:\/\/www.muralunique.com\/fr\/wp-json\/wp\/v2\/product"}],"about":[{"href":"https:\/\/www.muralunique.com\/fr\/wp-json\/wp\/v2\/types\/product"}],"wp:featuredmedia":[{"embeddable":true,"href":"https:\/\/www.muralunique.com\/fr\/wp-json\/wp\/v2\/media\/31762"}],"wp:attachment":[{"href":"https:\/\/www.muralunique.com\/fr\/wp-json\/wp\/v2\/media?parent=9542"}],"wp:term":[{"taxonomy":"product_brand","embeddable":true,"href":"https:\/\/www.muralunique.com\/fr\/wp-json\/wp\/v2\/product_brand?post=9542"},{"taxonomy":"product_cat","embeddable":true,"href":"https:\/\/www.muralunique.com\/fr\/wp-json\/wp\/v2\/product_cat?post=9542"},{"taxonomy":"product_tag","embeddable":true,"href":"https:\/\/www.muralunique.com\/fr\/wp-json\/wp\/v2\/product_tag?post=9542"}],"curies":[{"name":"wp","href":"https:\/\/api.w.org\/{rel}","templated":true}]}}