{"id":95479,"date":"2025-03-14T15:42:03","date_gmt":"2025-03-14T19:42:03","guid":{"rendered":"https:\/\/www.muralunique.com\/?post_type=product&#038;p=95479"},"modified":"2025-03-14T16:03:52","modified_gmt":"2025-03-14T20:03:52","slug":"lueur-de-la-foret-enchantee","status":"publish","type":"product","link":"https:\/\/www.muralunique.com\/fr\/produit\/lueur-de-la-foret-enchantee\/","title":{"rendered":"Lueur de la For\u00eat Enchant\u00e9e"},"content":{"rendered":"<p>-Plongez dans la s\u00e9r\u00e9nit\u00e9 de la nature avec cette fresque murale envo\u00fbtante. La lumi\u00e8re du soleil traverse doucement un feuillage luxuriant aux teintes vertes \u00e9clatantes, projetant des rayons dor\u00e9s sur le sol forestier tapiss\u00e9 de mousse. Cette sc\u00e8ne inspire calme et harmonie, apportant une touche de magie naturelle \u00e0 tout espace.<\/p>\n<p>-La murale comprend des laizes de 18\u2033 (45cm) de largeur. Par exemple, une murale de 6\u2032 (1,83m) de largeur a 4 laizes et une murale de 12\u2032 (3,66m) de largeur a 8 laizes.<\/p>\n<p>-Murale en papier\u00a0peint pr\u00e9encoll\u00e9e, lavable, s\u2019enl\u00e8ve \u00e0 sec et r\u00e9utilisable. Facile \u00e0 installer, se pose comme du papier\u00a0peint (tapisserie).<\/p>\n<p>-murale for\u00eat, papier peint for\u00eat, murale for\u00eat enchant\u00e9e, murale en papier peint for\u00eat enchant\u00e9e, tapisserie for\u00eat enchant\u00e9e, tapisserie murale for\u00eat enchant\u00e9e, murale depaysage<\/p>\n","protected":false},"excerpt":{"rendered":"<p>-Plongez dans la s\u00e9r\u00e9nit\u00e9 de la nature avec cette fresque murale envo\u00fbtante. La lumi\u00e8re du soleil traverse doucement un feuillage luxuriant aux teintes vertes \u00e9clatantes, projetant des rayons dor\u00e9s sur le sol forestier tapiss\u00e9 de mousse. Cette sc\u00e8ne inspire calme et harmonie, apportant une touche de magie naturelle \u00e0 tout espace. -La murale comprend des [&hellip;]<\/p>\n","protected":false},"featured_media":97026,"template":"","meta":{"_acf_changed":false},"product_brand":[],"product_cat":[141,303,401],"product_tag":[9477,9478,9013,8864,9019,9219,9261,9137,9467],"class_list":{"0":"post-95479","1":"product","2":"type-product","3":"status-publish","4":"has-post-thumbnail","6":"product_cat-nature-et-paysages","7":"product_cat-nouveautes","8":"product_cat-tous-nos-produits","9":"product_tag-arbre","10":"product_tag-arbres","11":"product_tag-brouillard","12":"product_tag-calme","13":"product_tag-foret","14":"product_tag-nature-fr","15":"product_tag-paisible","16":"product_tag-paysage","17":"product_tag-tranquilite","19":"first","20":"instock","21":"taxable","22":"shipping-taxable","23":"purchasable","24":"product-type-variable","25":"has-default-attributes"},"acf":[],"_links":{"self":[{"href":"https:\/\/www.muralunique.com\/fr\/wp-json\/wp\/v2\/product\/95479","targetHints":{"allow":["GET"]}}],"collection":[{"href":"https:\/\/www.muralunique.com\/fr\/wp-json\/wp\/v2\/product"}],"about":[{"href":"https:\/\/www.muralunique.com\/fr\/wp-json\/wp\/v2\/types\/product"}],"wp:featuredmedia":[{"embeddable":true,"href":"https:\/\/www.muralunique.com\/fr\/wp-json\/wp\/v2\/media\/97026"}],"wp:attachment":[{"href":"https:\/\/www.muralunique.com\/fr\/wp-json\/wp\/v2\/media?parent=95479"}],"wp:term":[{"taxonomy":"product_brand","embeddable":true,"href":"https:\/\/www.muralunique.com\/fr\/wp-json\/wp\/v2\/product_brand?post=95479"},{"taxonomy":"product_cat","embeddable":true,"href":"https:\/\/www.muralunique.com\/fr\/wp-json\/wp\/v2\/product_cat?post=95479"},{"taxonomy":"product_tag","embeddable":true,"href":"https:\/\/www.muralunique.com\/fr\/wp-json\/wp\/v2\/product_tag?post=95479"}],"curies":[{"name":"wp","href":"https:\/\/api.w.org\/{rel}","templated":true}]}}