{"id":9584,"date":"2017-09-28T11:02:25","date_gmt":"2017-09-28T11:02:25","guid":{"rendered":"https:\/\/muralunique.com\/?post_type=product&#038;p=9584"},"modified":"2024-03-27T11:20:22","modified_gmt":"2024-03-27T15:20:22","slug":"mur-de-beton-artistique","status":"publish","type":"product","link":"https:\/\/www.muralunique.com\/fr\/produit\/mur-de-beton-artistique\/","title":{"rendered":"Mur de B\u00e9ton Artistique"},"content":{"rendered":"<p>-Photo murale d&#8217;un mur de b\u00e9ton unique et original. Cette murale de mur effet\u00a0b\u00e9ton donnera un c\u00f4t\u00e9 chic et urbain \u00e0 votre int\u00e9rieur.<\/p>\n<p>-La murale comprend des laizes de 18&#8243; (45cm) de largeur. Par exemple, une murale de 6&#8242; (1,83m) de largeur a 4 laizes et une murale de 12&#8242; (3,66m) de largeur a 8 laizes.<\/p>\n<p>-Murale en papier\u00a0peint pr\u00e9encoll\u00e9e, lavable, s&#8217;enl\u00e8ve \u00e0 sec et r\u00e9utilisable. Facile \u00e0 installer, se pose comme du papier\u00a0peint (tapisserie).<\/p>\n<p>-Photographie de Donn Petelka. Vous pouvez obtenir plus d&#8217;informations \u00e0 cette adresse:\u00a0<a href=\"mailto:donnpetelka@gmail.com\" target=\"_blank\" rel=\"noopener noreferrer\">donnpetelka@gmail.com<\/a>.<\/p>\n<p>-murale mur de b\u00e9ton, papier peint mur de b\u00e9ton, tapisserie mur de b\u00e9ton, murale texture, papier peint texture b\u00e9ton<\/p>\n","protected":false},"excerpt":{"rendered":"<p>-Photo murale d&#8217;un mur de b\u00e9ton unique et original. Cette murale de mur effet\u00a0b\u00e9ton donnera un c\u00f4t\u00e9 chic et urbain \u00e0 votre int\u00e9rieur. -La murale comprend des laizes de 18&#8243; (45cm) de largeur. Par exemple, une murale de 6&#8242; (1,83m) de largeur a 4 laizes et une murale de 12&#8242; (3,66m) de largeur a 8 [&hellip;]<\/p>\n","protected":false},"featured_media":88378,"template":"","meta":{"_acf_changed":false},"product_brand":[197],"product_cat":[305,169,401,427],"product_tag":[8919,8882,9515,9447,9448],"class_list":{"0":"post-9584","1":"product","2":"type-product","3":"status-publish","4":"has-post-thumbnail","6":"artist-donn-petelka-fr","7":"product_brand-donn-petelka-2","8":"product_cat-produits-vedettes","9":"product_cat-textures-2","10":"product_cat-tous-nos-produits","11":"product_cat-ultra-haute-d-finition-photos","12":"product_tag-beton","13":"product_tag-ciment","14":"product_tag-mur","15":"product_tag-texture-fr","16":"product_tag-texture-fr-2","18":"first","19":"instock","20":"taxable","21":"shipping-taxable","22":"purchasable","23":"product-type-variable","24":"has-default-attributes"},"acf":[],"_links":{"self":[{"href":"https:\/\/www.muralunique.com\/fr\/wp-json\/wp\/v2\/product\/9584","targetHints":{"allow":["GET"]}}],"collection":[{"href":"https:\/\/www.muralunique.com\/fr\/wp-json\/wp\/v2\/product"}],"about":[{"href":"https:\/\/www.muralunique.com\/fr\/wp-json\/wp\/v2\/types\/product"}],"wp:featuredmedia":[{"embeddable":true,"href":"https:\/\/www.muralunique.com\/fr\/wp-json\/wp\/v2\/media\/88378"}],"wp:attachment":[{"href":"https:\/\/www.muralunique.com\/fr\/wp-json\/wp\/v2\/media?parent=9584"}],"wp:term":[{"taxonomy":"product_brand","embeddable":true,"href":"https:\/\/www.muralunique.com\/fr\/wp-json\/wp\/v2\/product_brand?post=9584"},{"taxonomy":"product_cat","embeddable":true,"href":"https:\/\/www.muralunique.com\/fr\/wp-json\/wp\/v2\/product_cat?post=9584"},{"taxonomy":"product_tag","embeddable":true,"href":"https:\/\/www.muralunique.com\/fr\/wp-json\/wp\/v2\/product_tag?post=9584"}],"curies":[{"name":"wp","href":"https:\/\/api.w.org\/{rel}","templated":true}]}}