{"id":9598,"date":"2017-09-28T12:40:39","date_gmt":"2017-09-28T12:40:39","guid":{"rendered":"https:\/\/muralunique.com\/?post_type=product&#038;p=9598"},"modified":"2021-07-16T11:00:44","modified_gmt":"2021-07-16T15:00:44","slug":"jardin-du-chateau-linderhof-en-allemagne","status":"publish","type":"product","link":"https:\/\/www.muralunique.com\/fr\/produit\/jardin-du-chateau-linderhof-en-allemagne\/","title":{"rendered":"Jardin du Ch\u00e2teau Linderhof en Allemagne"},"content":{"rendered":"<p>-Photo murale du jardin du\u00a0Ch\u00e2teau Linderhof. Le Ch\u00e2teau Linderhof se trouve en Allemagne, dans le sud-ouest de la Bavi\u00e8re, pr\u00e8s de l&#8217;abbaye d&#8217;Ettal. C&#8217;est le plus petit des trois palais construits par le roi Louis II de Bavi\u00e8re (<a href=\"https:\/\/fr.wikipedia.org\/wiki\/Ch%C3%A2teau_de_Linderhof\" rel=\"nofollow noopener\" target=\"_blank\">www.wikipedia.org<\/a>).<\/p>\n<p>-La murale comprend des laizes de 18&#8243; (45cm) de largeur. Par exemple, une murale de 6&#8242; (1,83m) de largeur a 4 laizes et une murale de 12&#8242; (3,66m) de largeur a 8 laizes.<\/p>\n<p>-Murale en papier\u00a0peint pr\u00e9encoll\u00e9e, lavable, s&#8217;enl\u00e8ve \u00e0 sec et r\u00e9utilisable. Facile \u00e0 installer, se pose comme du papier\u00a0peint (tapisserie).<\/p>\n<p>-murale jardin du Ch\u00e2teau Linderhof, murale Allemagne, papier peint feuillage, murale feuillage, tapisserie feuillage<\/p>\n","protected":false},"excerpt":{"rendered":"<p>-Photo murale du jardin du\u00a0Ch\u00e2teau Linderhof. Le Ch\u00e2teau Linderhof se trouve en Allemagne, dans le sud-ouest de la Bavi\u00e8re, pr\u00e8s de l&#8217;abbaye d&#8217;Ettal. C&#8217;est le plus petit des trois palais construits par le roi Louis II de Bavi\u00e8re (www.wikipedia.org). -La murale comprend des laizes de 18&#8243; (45cm) de largeur. Par exemple, une murale de 6&#8242; [&hellip;]<\/p>\n","protected":false},"featured_media":9599,"template":"","meta":{"_acf_changed":false},"product_brand":[203],"product_cat":[150,401,163],"product_tag":[8777,8779,9258,9427,8691,9014,9044,9240,9256,9483,9612,9485],"class_list":{"0":"post-9598","1":"product","2":"type-product","3":"status-publish","4":"has-post-thumbnail","6":"product_brand-muralunique-com","7":"product_cat-fleurs-et-feuillages","8":"product_cat-tous-nos-produits","9":"product_cat-trompe-loeil","10":"product_tag-arche","11":"product_tag-arches-fr","12":"product_tag-chemin","13":"product_tag-ete","14":"product_tag-europe-fr","15":"product_tag-feuillage","16":"product_tag-jardin","17":"product_tag-palace-fr","18":"product_tag-passage-fr","19":"product_tag-trompe-l-oeil","20":"product_tag-trompe-loeil-fr","21":"product_tag-trompe-oeil-fr","23":"first","24":"instock","25":"taxable","26":"shipping-taxable","27":"purchasable","28":"product-type-variable","29":"has-default-attributes"},"acf":[],"_links":{"self":[{"href":"https:\/\/www.muralunique.com\/fr\/wp-json\/wp\/v2\/product\/9598","targetHints":{"allow":["GET"]}}],"collection":[{"href":"https:\/\/www.muralunique.com\/fr\/wp-json\/wp\/v2\/product"}],"about":[{"href":"https:\/\/www.muralunique.com\/fr\/wp-json\/wp\/v2\/types\/product"}],"wp:featuredmedia":[{"embeddable":true,"href":"https:\/\/www.muralunique.com\/fr\/wp-json\/wp\/v2\/media\/9599"}],"wp:attachment":[{"href":"https:\/\/www.muralunique.com\/fr\/wp-json\/wp\/v2\/media?parent=9598"}],"wp:term":[{"taxonomy":"product_brand","embeddable":true,"href":"https:\/\/www.muralunique.com\/fr\/wp-json\/wp\/v2\/product_brand?post=9598"},{"taxonomy":"product_cat","embeddable":true,"href":"https:\/\/www.muralunique.com\/fr\/wp-json\/wp\/v2\/product_cat?post=9598"},{"taxonomy":"product_tag","embeddable":true,"href":"https:\/\/www.muralunique.com\/fr\/wp-json\/wp\/v2\/product_tag?post=9598"}],"curies":[{"name":"wp","href":"https:\/\/api.w.org\/{rel}","templated":true}]}}