{"id":9608,"date":"2017-10-02T09:36:28","date_gmt":"2017-10-02T09:36:28","guid":{"rendered":"https:\/\/muralunique.com\/?post_type=product&#038;p=9608"},"modified":"2025-10-10T09:03:50","modified_gmt":"2025-10-10T13:03:50","slug":"motif-paisley","status":"publish","type":"product","link":"https:\/\/www.muralunique.com\/fr\/produit\/motif-paisley\/","title":{"rendered":"Motif Paisley"},"content":{"rendered":"<p>-Murale en papier peint tr\u00e8s color\u00e9e d&#8217;un motif\u00a0Paisley. Le Paisley ou motif Paisley est un terme utilis\u00e9 pour un design utilisant le &#8220;buta&#8221; ou &#8220;boteh&#8221;, un motif v\u00e9g\u00e9tal en forme de goutte, d&#8217;origine Persane, qui ressemble \u00e0 une larme tordue. Son\u00a0nom vient de la ville \u00c9cossaise de Paisley (<a href=\"https:\/\/en.wikipedia.org\/wiki\/Paisley_(design)\" rel=\"nofollow noopener\" target=\"_blank\">wikipedia.org<\/a>).<\/p>\n<p><strong>-Peut \u00eatre r\u00e9p\u00e9t\u00e9 horizontalement et verticalement.<\/strong><\/p>\n<p>-La murale comprend des laizes de 18\u2033 (45cm) de largeur. Par exemple, une murale de 6\u2032 (1,83m) de largeur a 4 laizes et une murale de 12\u2032 (3,66m) de largeur a 8 laizes.<\/p>\n<p>-Murale en papier\u00a0peint pr\u00e9encoll\u00e9e, lavable, s\u2019enl\u00e8ve \u00e0 sec et r\u00e9utilisable. Facile \u00e0 installer, se pose comme du papier\u00a0peint (tapisserie).<\/p>\n<p>-murale motif paisley, murale en papier peint motif paisley, papier peint motif paisley, tapisserie motif paisley, murale paisley<\/p>\n","protected":false},"excerpt":{"rendered":"<p>-Murale en papier peint tr\u00e8s color\u00e9e d&#8217;un motif\u00a0Paisley. Le Paisley ou motif Paisley est un terme utilis\u00e9 pour un design utilisant le &#8220;buta&#8221; ou &#8220;boteh&#8221;, un motif v\u00e9g\u00e9tal en forme de goutte, d&#8217;origine Persane, qui ressemble \u00e0 une larme tordue. Son\u00a0nom vient de la ville \u00c9cossaise de Paisley (wikipedia.org). -Peut \u00eatre r\u00e9p\u00e9t\u00e9 horizontalement et verticalement. [&hellip;]<\/p>\n","protected":false},"featured_media":9609,"template":"","meta":{"_acf_changed":false},"product_brand":[203],"product_cat":[125,131,10434,367,10345,401],"product_tag":[8751,9047,9049,9105,9106],"class_list":{"0":"post-9608","1":"product","2":"type-product","3":"status-publish","4":"has-post-thumbnail","6":"product_brand-muralunique-com","7":"product_cat-abstrait-et-geometrie","8":"product_cat-adolescents","9":"product_cat-images-panoramiques","10":"product_cat-murales-en-r-p-tition","11":"product_cat-murs-extra-hauts-murales-repetition-verticale","12":"product_cat-tous-nos-produits","13":"product_tag-abstrait","14":"product_tag-geometrie","15":"product_tag-geometrique","16":"product_tag-inde","17":"product_tag-indien","19":"first","20":"instock","21":"taxable","22":"shipping-taxable","23":"purchasable","24":"product-type-variable","25":"has-default-attributes"},"acf":[],"_links":{"self":[{"href":"https:\/\/www.muralunique.com\/fr\/wp-json\/wp\/v2\/product\/9608","targetHints":{"allow":["GET"]}}],"collection":[{"href":"https:\/\/www.muralunique.com\/fr\/wp-json\/wp\/v2\/product"}],"about":[{"href":"https:\/\/www.muralunique.com\/fr\/wp-json\/wp\/v2\/types\/product"}],"wp:featuredmedia":[{"embeddable":true,"href":"https:\/\/www.muralunique.com\/fr\/wp-json\/wp\/v2\/media\/9609"}],"wp:attachment":[{"href":"https:\/\/www.muralunique.com\/fr\/wp-json\/wp\/v2\/media?parent=9608"}],"wp:term":[{"taxonomy":"product_brand","embeddable":true,"href":"https:\/\/www.muralunique.com\/fr\/wp-json\/wp\/v2\/product_brand?post=9608"},{"taxonomy":"product_cat","embeddable":true,"href":"https:\/\/www.muralunique.com\/fr\/wp-json\/wp\/v2\/product_cat?post=9608"},{"taxonomy":"product_tag","embeddable":true,"href":"https:\/\/www.muralunique.com\/fr\/wp-json\/wp\/v2\/product_tag?post=9608"}],"curies":[{"name":"wp","href":"https:\/\/api.w.org\/{rel}","templated":true}]}}