{"id":9625,"date":"2017-10-16T16:59:08","date_gmt":"2017-10-16T16:59:08","guid":{"rendered":"https:\/\/muralunique.com\/?post_type=product&#038;p=9625"},"modified":"2021-07-16T11:01:33","modified_gmt":"2021-07-16T15:01:33","slug":"ruelle-a-pitigliano-toscane-italie","status":"publish","type":"product","link":"https:\/\/www.muralunique.com\/fr\/produit\/ruelle-a-pitigliano-toscane-italie\/","title":{"rendered":"Ruelle \u00e0 Pitigliano, Toscane, Italie"},"content":{"rendered":"<p>-Murale en papier peint d&#8217;une ruelle dans la ville de Pitigliano dans la province de Grosseto, au sud-est de la ville de Grosseto en Italie (Toscane).<\/p>\n<p>-La murale comprend des laizes de 18\u2033 (45cm) de largeur. Par exemple, une murale de 6\u2032 (1,83m) de largeur a 4 laizes et une murale de 12\u2032 (3,66m) de largeur a 8 laizes.<\/p>\n<p>-Murale en papier\u00a0peint pr\u00e9encoll\u00e9e, lavable, s\u2019enl\u00e8ve \u00e0 sec et r\u00e9utilisable. Facile \u00e0 installer, se pose comme du papier\u00a0peint (tapisserie).<\/p>\n<p>-murale ruelle \u00e0 Pitigliano, murale Toscane, papier peint Toscane, murale en papier peint Toscane, murale Italie<\/p>\n","protected":false},"excerpt":{"rendered":"<p>-Murale en papier peint d&#8217;une ruelle dans la ville de Pitigliano dans la province de Grosseto, au sud-est de la ville de Grosseto en Italie (Toscane). -La murale comprend des laizes de 18\u2033 (45cm) de largeur. Par exemple, une murale de 6\u2032 (1,83m) de largeur a 4 laizes et une murale de 12\u2032 (3,66m) de [&hellip;]<\/p>\n","protected":false},"featured_media":9626,"template":"","meta":{"_acf_changed":false},"product_brand":[203],"product_cat":[166,401,163],"product_tag":[8691,9115,8902,9423,9483,9612,9485,8739,8901],"class_list":{"0":"post-9625","1":"product","2":"type-product","3":"status-publish","4":"has-post-thumbnail","6":"product_brand-muralunique-com","7":"product_cat-scenes-urbaines-villes","8":"product_cat-tous-nos-produits","9":"product_cat-trompe-loeil","10":"product_tag-europe-fr","11":"product_tag-italie","12":"product_tag-paysage-urbain","13":"product_tag-rue","14":"product_tag-trompe-l-oeil","15":"product_tag-trompe-loeil-fr","16":"product_tag-trompe-oeil-fr","17":"product_tag-tuscane","18":"product_tag-ville","20":"first","21":"instock","22":"taxable","23":"shipping-taxable","24":"purchasable","25":"product-type-variable"},"acf":[],"_links":{"self":[{"href":"https:\/\/www.muralunique.com\/fr\/wp-json\/wp\/v2\/product\/9625","targetHints":{"allow":["GET"]}}],"collection":[{"href":"https:\/\/www.muralunique.com\/fr\/wp-json\/wp\/v2\/product"}],"about":[{"href":"https:\/\/www.muralunique.com\/fr\/wp-json\/wp\/v2\/types\/product"}],"wp:featuredmedia":[{"embeddable":true,"href":"https:\/\/www.muralunique.com\/fr\/wp-json\/wp\/v2\/media\/9626"}],"wp:attachment":[{"href":"https:\/\/www.muralunique.com\/fr\/wp-json\/wp\/v2\/media?parent=9625"}],"wp:term":[{"taxonomy":"product_brand","embeddable":true,"href":"https:\/\/www.muralunique.com\/fr\/wp-json\/wp\/v2\/product_brand?post=9625"},{"taxonomy":"product_cat","embeddable":true,"href":"https:\/\/www.muralunique.com\/fr\/wp-json\/wp\/v2\/product_cat?post=9625"},{"taxonomy":"product_tag","embeddable":true,"href":"https:\/\/www.muralunique.com\/fr\/wp-json\/wp\/v2\/product_tag?post=9625"}],"curies":[{"name":"wp","href":"https:\/\/api.w.org\/{rel}","templated":true}]}}