{"id":9641,"date":"2017-10-16T17:24:22","date_gmt":"2017-10-16T17:24:22","guid":{"rendered":"https:\/\/muralunique.com\/?post_type=product&#038;p=9641"},"modified":"2021-07-16T11:01:34","modified_gmt":"2021-07-16T15:01:34","slug":"commune-de-lipari-sicile-italie","status":"publish","type":"product","link":"https:\/\/www.muralunique.com\/fr\/produit\/commune-de-lipari-sicile-italie\/","title":{"rendered":"Commune de Lipari, Sicile, Italie"},"content":{"rendered":"<p>-Photo murale de la commune de Lipari, Sicile, Italie. Lipari est la plus grande des \u00eeles \u00c9oliennes dans la mer Tyrrh\u00e9nienne de la c\u00f4te nord de la Sicile, dans le sud de l&#8217;Italie. C&#8217;est aussi le nom de la ville principale et de la comune de l&#8217;\u00eele (<a href=\"https:\/\/fr.wikipedia.org\/wiki\/Lipari\" rel=\"nofollow noopener\" target=\"_blank\">wikipedia.org<\/a>).<\/p>\n<p>-La murale comprend des laizes de 18&#8243; (45cm) de largeur. Par exemple, une murale de 6&#8242; (1,83m) de largeur a 4 laizes et une murale de 12&#8242; (3,66m) de largeur a 8 laizes.<\/p>\n<p>-Murale en papier\u00a0peint pr\u00e9encoll\u00e9e, lavable, s&#8217;enl\u00e8ve \u00e0 sec et r\u00e9utilisable. Facile \u00e0 installer, se pose comme du papier\u00a0peint (tapisserie).<\/p>\n<p>-murale commune de Lipari, papier peint commune de Lipari, murale Italie, papier peint Italie, tapisserie Italie<\/p>\n","protected":false},"excerpt":{"rendered":"<p>-Photo murale de la commune de Lipari, Sicile, Italie. Lipari est la plus grande des \u00eeles \u00c9oliennes dans la mer Tyrrh\u00e9nienne de la c\u00f4te nord de la Sicile, dans le sud de l&#8217;Italie. C&#8217;est aussi le nom de la ville principale et de la comune de l&#8217;\u00eele (wikipedia.org). -La murale comprend des laizes de 18&#8243; [&hellip;]<\/p>\n","protected":false},"featured_media":11036,"template":"","meta":{"_acf_changed":false},"product_brand":[203],"product_cat":[128,166,401,163],"product_tag":[9258,8918,8691,9115,9536,9537,8902,9423,9483,9612,9485,8901],"class_list":{"0":"post-9641","1":"product","2":"type-product","3":"status-publish","4":"has-post-thumbnail","6":"product_brand-muralunique-com","7":"product_cat-merveilles-du-monde","8":"product_cat-scenes-urbaines-villes","9":"product_cat-tous-nos-produits","10":"product_cat-trompe-loeil","11":"product_tag-chemin","12":"product_tag-comune-fr","13":"product_tag-europe-fr","14":"product_tag-italie","15":"product_tag-merveilles","16":"product_tag-merveilles-du-monde","17":"product_tag-paysage-urbain","18":"product_tag-rue","19":"product_tag-trompe-l-oeil","20":"product_tag-trompe-loeil-fr","21":"product_tag-trompe-oeil-fr","22":"product_tag-ville","24":"first","25":"instock","26":"taxable","27":"shipping-taxable","28":"purchasable","29":"product-type-variable","30":"has-default-attributes"},"acf":[],"_links":{"self":[{"href":"https:\/\/www.muralunique.com\/fr\/wp-json\/wp\/v2\/product\/9641","targetHints":{"allow":["GET"]}}],"collection":[{"href":"https:\/\/www.muralunique.com\/fr\/wp-json\/wp\/v2\/product"}],"about":[{"href":"https:\/\/www.muralunique.com\/fr\/wp-json\/wp\/v2\/types\/product"}],"wp:featuredmedia":[{"embeddable":true,"href":"https:\/\/www.muralunique.com\/fr\/wp-json\/wp\/v2\/media\/11036"}],"wp:attachment":[{"href":"https:\/\/www.muralunique.com\/fr\/wp-json\/wp\/v2\/media?parent=9641"}],"wp:term":[{"taxonomy":"product_brand","embeddable":true,"href":"https:\/\/www.muralunique.com\/fr\/wp-json\/wp\/v2\/product_brand?post=9641"},{"taxonomy":"product_cat","embeddable":true,"href":"https:\/\/www.muralunique.com\/fr\/wp-json\/wp\/v2\/product_cat?post=9641"},{"taxonomy":"product_tag","embeddable":true,"href":"https:\/\/www.muralunique.com\/fr\/wp-json\/wp\/v2\/product_tag?post=9641"}],"curies":[{"name":"wp","href":"https:\/\/api.w.org\/{rel}","templated":true}]}}