{"id":9648,"date":"2017-10-16T17:32:02","date_gmt":"2017-10-16T17:32:02","guid":{"rendered":"https:\/\/muralunique.com\/?post_type=product&#038;p=9648"},"modified":"2021-07-16T11:01:35","modified_gmt":"2021-07-16T15:01:35","slug":"village-de-riomaggiore-cinque-terre-italie","status":"publish","type":"product","link":"https:\/\/www.muralunique.com\/fr\/produit\/village-de-riomaggiore-cinque-terre-italie\/","title":{"rendered":"Village de Riomaggiore, Cinque Terre, Italie"},"content":{"rendered":"<p>-Murale en papier peint du magnifique village de Riomaggiore, Cinque Terre, Italie. Riomaggiore est un village et comune dans la province de La Spezia, situ\u00e9 dans une petite vall\u00e9e de la r\u00e9gion de Ligurie en Italie. Il s&#8217;agit de l&#8217;une des localit\u00e9s qui constituent les Cinque Terre (<a href=\"https:\/\/fr.wikipedia.org\/wiki\/Riomaggiore\" rel=\"nofollow noopener\" target=\"_blank\">wikipedia.org<\/a>).<\/p>\n<p>-La murale comprend des laizes de 18\u2033 (45cm) de largeur. Par exemple, une murale de 6\u2032 (1,83m) de largeur a 4 laizes et une murale de 12\u2032 (3,66m) de largeur a 8 laizes.<\/p>\n<p>-Murale en papier\u00a0peint pr\u00e9encoll\u00e9e, lavable, s\u2019enl\u00e8ve \u00e0 sec et r\u00e9utilisable. Facile \u00e0 installer, se pose comme du papier\u00a0peint (tapisserie).<\/p>\n<p>-Photographie de Perry Mastrovito.<\/p>\n<p>-murale Village de Riomaggiore, papier peint Village de Riomaggiore, photo murale Italie, murale Cinque Terre, murale en papier peint Cinque Terre<\/p>\n","protected":false},"excerpt":{"rendered":"<p>-Murale en papier peint du magnifique village de Riomaggiore, Cinque Terre, Italie. Riomaggiore est un village et comune dans la province de La Spezia, situ\u00e9 dans une petite vall\u00e9e de la r\u00e9gion de Ligurie en Italie. Il s&#8217;agit de l&#8217;une des localit\u00e9s qui constituent les Cinque Terre (wikipedia.org). -La murale comprend des laizes de 18\u2033 [&hellip;]<\/p>\n","protected":false},"featured_media":31764,"template":"","meta":{"_acf_changed":false},"product_brand":[191],"product_cat":[153,141,166,401],"product_tag":[9517,8691,9115,9352,9208,9209,9231,9137,8902,9510,8901],"class_list":{"0":"post-9648","1":"product","2":"type-product","3":"status-publish","4":"has-post-thumbnail","6":"artist-perry-mastrovito-fr","7":"product_brand-perry-mastrovito","8":"product_cat-eau-et-plages","9":"product_cat-nature-et-paysages","10":"product_cat-scenes-urbaines-villes","11":"product_cat-tous-nos-produits","12":"product_tag-eau","13":"product_tag-europe-fr","14":"product_tag-italie","15":"product_tag-mer","16":"product_tag-montagne","17":"product_tag-montagnes","18":"product_tag-ocean-fr-2","19":"product_tag-paysage","20":"product_tag-paysage-urbain","21":"product_tag-village-fr","22":"product_tag-ville","24":"first","25":"instock","26":"taxable","27":"shipping-taxable","28":"purchasable","29":"product-type-variable","30":"has-default-attributes"},"acf":[],"_links":{"self":[{"href":"https:\/\/www.muralunique.com\/fr\/wp-json\/wp\/v2\/product\/9648","targetHints":{"allow":["GET"]}}],"collection":[{"href":"https:\/\/www.muralunique.com\/fr\/wp-json\/wp\/v2\/product"}],"about":[{"href":"https:\/\/www.muralunique.com\/fr\/wp-json\/wp\/v2\/types\/product"}],"wp:featuredmedia":[{"embeddable":true,"href":"https:\/\/www.muralunique.com\/fr\/wp-json\/wp\/v2\/media\/31764"}],"wp:attachment":[{"href":"https:\/\/www.muralunique.com\/fr\/wp-json\/wp\/v2\/media?parent=9648"}],"wp:term":[{"taxonomy":"product_brand","embeddable":true,"href":"https:\/\/www.muralunique.com\/fr\/wp-json\/wp\/v2\/product_brand?post=9648"},{"taxonomy":"product_cat","embeddable":true,"href":"https:\/\/www.muralunique.com\/fr\/wp-json\/wp\/v2\/product_cat?post=9648"},{"taxonomy":"product_tag","embeddable":true,"href":"https:\/\/www.muralunique.com\/fr\/wp-json\/wp\/v2\/product_tag?post=9648"}],"curies":[{"name":"wp","href":"https:\/\/api.w.org\/{rel}","templated":true}]}}