{"id":9700,"date":"2017-11-13T10:55:32","date_gmt":"2017-11-13T10:55:32","guid":{"rendered":"https:\/\/muralunique.com\/?post_type=product&#038;p=9700"},"modified":"2021-07-16T11:01:40","modified_gmt":"2021-07-16T15:01:40","slug":"mur-de-forteresse","status":"publish","type":"product","link":"https:\/\/www.muralunique.com\/fr\/produit\/mur-de-forteresse\/","title":{"rendered":"Mur de Forteresse"},"content":{"rendered":"<p>-Murale en papier peint d&#8217;un vieux mur de forteresse gris.\u00a0La qualit\u00e9 (r\u00e9solution) de cette image est exceptionnelle.<\/p>\n<p>-La murale comprend des laizes de 18&#8243; (45cm) de largeur. Par exemple, une murale de 6&#8242; (1,83m) de largeur a 4 laizes et une murale de 12&#8242; (3,66m) de largeur a 8 laizes.<\/p>\n<p>-Murale en papier\u00a0peint pr\u00e9encoll\u00e9e, lavable, s&#8217;enl\u00e8ve \u00e0 sec et r\u00e9utilisable. Facile \u00e0 installer, se pose comme du papier\u00a0peint (tapisserie).<\/p>\n<p>-Photographie de Donn Petelka. Vous pouvez obtenir plus d&#8217;informations \u00e0 cette adresse:\u00a0<a href=\"mailto:donnpetelka@gmail.com\" target=\"_blank\" rel=\"noopener noreferrer\">donnpetelka@gmail.com<\/a>.<\/p>\n<p>-murale mur de forteresse, papier peint mur de forteresse, photo murale mur de forteresse, murale pierres, papier peint pierres<\/p>\n","protected":false},"excerpt":{"rendered":"<p>-Murale en papier peint d&#8217;un vieux mur de forteresse gris.\u00a0La qualit\u00e9 (r\u00e9solution) de cette image est exceptionnelle. -La murale comprend des laizes de 18&#8243; (45cm) de largeur. Par exemple, une murale de 6&#8242; (1,83m) de largeur a 4 laizes et une murale de 12&#8242; (3,66m) de largeur a 8 laizes. -Murale en papier\u00a0peint pr\u00e9encoll\u00e9e, lavable, [&hellip;]<\/p>\n","protected":false},"featured_media":9701,"template":"","meta":{"_acf_changed":false},"product_brand":[197],"product_cat":[169,401,427],"product_tag":[9021,9515,9416,9417,9332,9447,9448,9449,9234],"class_list":{"0":"post-9700","1":"product","2":"type-product","3":"status-publish","4":"has-post-thumbnail","6":"artist-donn-petelka-fr","7":"product_brand-donn-petelka-2","8":"product_cat-textures-2","9":"product_cat-tous-nos-produits","10":"product_cat-ultra-haute-d-finition-photos","11":"product_tag-forteresse","12":"product_tag-mur","13":"product_tag-pierre","14":"product_tag-pierres","15":"product_tag-roc-fr","16":"product_tag-texture-fr","17":"product_tag-texture-fr-2","18":"product_tag-textures","19":"product_tag-vieux","21":"first","22":"instock","23":"taxable","24":"shipping-taxable","25":"purchasable","26":"product-type-variable","27":"has-default-attributes"},"acf":[],"_links":{"self":[{"href":"https:\/\/www.muralunique.com\/fr\/wp-json\/wp\/v2\/product\/9700","targetHints":{"allow":["GET"]}}],"collection":[{"href":"https:\/\/www.muralunique.com\/fr\/wp-json\/wp\/v2\/product"}],"about":[{"href":"https:\/\/www.muralunique.com\/fr\/wp-json\/wp\/v2\/types\/product"}],"wp:featuredmedia":[{"embeddable":true,"href":"https:\/\/www.muralunique.com\/fr\/wp-json\/wp\/v2\/media\/9701"}],"wp:attachment":[{"href":"https:\/\/www.muralunique.com\/fr\/wp-json\/wp\/v2\/media?parent=9700"}],"wp:term":[{"taxonomy":"product_brand","embeddable":true,"href":"https:\/\/www.muralunique.com\/fr\/wp-json\/wp\/v2\/product_brand?post=9700"},{"taxonomy":"product_cat","embeddable":true,"href":"https:\/\/www.muralunique.com\/fr\/wp-json\/wp\/v2\/product_cat?post=9700"},{"taxonomy":"product_tag","embeddable":true,"href":"https:\/\/www.muralunique.com\/fr\/wp-json\/wp\/v2\/product_tag?post=9700"}],"curies":[{"name":"wp","href":"https:\/\/api.w.org\/{rel}","templated":true}]}}