{"id":9709,"date":"2017-11-13T12:14:54","date_gmt":"2017-11-13T12:14:54","guid":{"rendered":"https:\/\/muralunique.com\/?post_type=product&#038;p=9709"},"modified":"2022-03-15T20:17:54","modified_gmt":"2022-03-16T00:17:54","slug":"le-titanic-en-cale-seche","status":"publish","type":"product","link":"https:\/\/www.muralunique.com\/fr\/produit\/le-titanic-en-cale-seche\/","title":{"rendered":"Le Titanic en Cale S\u00e8che"},"content":{"rendered":"<p>-Photo murale en papier peint du c\u00e9l\u00e8bre Titanic. Le Titanic est un paquebot Britannique construit en mille neuf cent sept et \u00e9tait \u00e0 l&#8217;\u00e9poque le plus grand et le plus luxueux jamais construit. Le Titanic a fait naufrage en heurtant un iceberg en mille neuf cent douze (<a href=\"https:\/\/fr.wikipedia.org\/wiki\/Titanic\" rel=\"nofollow noopener\" target=\"_blank\">wikipedia.org<\/a>).<\/p>\n<p>-La murale comprend des laizes de 18\u2033 (45cm) de largeur. Par exemple, une murale de 6\u2032 (1,83m) de largeur a 4 laizes et une murale de 12\u2032 (3,66m) de largeur a 8 laizes.<\/p>\n<p>-Murale en papier\u00a0peint pr\u00e9encoll\u00e9e, lavable, s\u2019enl\u00e8ve \u00e0 sec et r\u00e9utilisable. Facile \u00e0 installer, se pose comme du papier\u00a0peint (tapisserie).<\/p>\n<p>-murale Titanic, murale en papier peint Titanic, photo murale Titanic, papier peint Titanic, tapisserie Titanic<\/p>\n","protected":false},"excerpt":{"rendered":"<p>-Photo murale en papier peint du c\u00e9l\u00e8bre Titanic. Le Titanic est un paquebot Britannique construit en mille neuf cent sept et \u00e9tait \u00e0 l&#8217;\u00e9poque le plus grand et le plus luxueux jamais construit. Le Titanic a fait naufrage en heurtant un iceberg en mille neuf cent douze (wikipedia.org). -La murale comprend des laizes de 18\u2033 [&hellip;]<\/p>\n","protected":false},"featured_media":31432,"template":"","meta":{"_acf_changed":false},"product_brand":[203],"product_cat":[128,401,179,163],"product_tag":[8831,9367],"class_list":{"0":"post-9709","1":"product","2":"type-product","3":"status-publish","4":"has-post-thumbnail","6":"product_brand-muralunique-com","7":"product_cat-merveilles-du-monde","8":"product_cat-tous-nos-produits","9":"product_cat-transports","10":"product_cat-trompe-loeil","11":"product_tag-bateau","12":"product_tag-navire","14":"first","15":"instock","16":"taxable","17":"shipping-taxable","18":"purchasable","19":"product-type-variable","20":"has-default-attributes"},"acf":[],"_links":{"self":[{"href":"https:\/\/www.muralunique.com\/fr\/wp-json\/wp\/v2\/product\/9709","targetHints":{"allow":["GET"]}}],"collection":[{"href":"https:\/\/www.muralunique.com\/fr\/wp-json\/wp\/v2\/product"}],"about":[{"href":"https:\/\/www.muralunique.com\/fr\/wp-json\/wp\/v2\/types\/product"}],"wp:featuredmedia":[{"embeddable":true,"href":"https:\/\/www.muralunique.com\/fr\/wp-json\/wp\/v2\/media\/31432"}],"wp:attachment":[{"href":"https:\/\/www.muralunique.com\/fr\/wp-json\/wp\/v2\/media?parent=9709"}],"wp:term":[{"taxonomy":"product_brand","embeddable":true,"href":"https:\/\/www.muralunique.com\/fr\/wp-json\/wp\/v2\/product_brand?post=9709"},{"taxonomy":"product_cat","embeddable":true,"href":"https:\/\/www.muralunique.com\/fr\/wp-json\/wp\/v2\/product_cat?post=9709"},{"taxonomy":"product_tag","embeddable":true,"href":"https:\/\/www.muralunique.com\/fr\/wp-json\/wp\/v2\/product_tag?post=9709"}],"curies":[{"name":"wp","href":"https:\/\/api.w.org\/{rel}","templated":true}]}}