{"id":9760,"date":"2017-12-07T14:07:28","date_gmt":"2017-12-07T14:07:28","guid":{"rendered":"https:\/\/muralunique.com\/?post_type=product&#038;p=9760"},"modified":"2022-04-16T19:44:03","modified_gmt":"2022-04-16T23:44:03","slug":"vieille-passerelle-dans-un-parc","status":"publish","type":"product","link":"https:\/\/www.muralunique.com\/fr\/produit\/vieille-passerelle-dans-un-parc\/","title":{"rendered":"Vieille Passerelle dans un Parc"},"content":{"rendered":"<p>-Murale en papier peint d&#8217;une sc\u00e8ne paisible d&#8217;une vieille passerelle dans un parc. Photo murale.<\/p>\n<p>-La murale comprend des laizes de 18\u2033 (45cm) de largeur. Par exemple, une murale de 6\u2032 (1,83m) de largeur a 4 laizes et une murale de 12\u2032 (3,66m) de largeur a 8 laizes.<\/p>\n<p>-Murale en papier\u00a0peint pr\u00e9encoll\u00e9e, lavable, s\u2019enl\u00e8ve \u00e0 sec et r\u00e9utilisable. Facile \u00e0 installer, se pose comme du papier\u00a0peint (tapisserie).<\/p>\n<p>-murale vieille passerelle dans un parc, papier peint vieille passerelle dans un parc, murale parc, murale nature, papier peint pont<\/p>\n","protected":false},"excerpt":{"rendered":"<p>-Murale en papier peint d&#8217;une sc\u00e8ne paisible d&#8217;une vieille passerelle dans un parc. Photo murale. -La murale comprend des laizes de 18\u2033 (45cm) de largeur. Par exemple, une murale de 6\u2032 (1,83m) de largeur a 4 laizes et une murale de 12\u2032 (3,66m) de largeur a 8 laizes. -Murale en papier\u00a0peint pr\u00e9encoll\u00e9e, lavable, s\u2019enl\u00e8ve \u00e0 [&hellip;]<\/p>\n","protected":false},"featured_media":31769,"template":"","meta":{"_acf_changed":false},"product_brand":[203],"product_cat":[153,141,401],"product_tag":[8864,9517,9019,9135,9219,9261,9252,9137,8849,9770,9767,9429,9428,9467,9234],"class_list":{"0":"post-9760","1":"product","2":"type-product","3":"status-publish","4":"has-post-thumbnail","6":"product_brand-muralunique-com","7":"product_cat-eau-et-plages","8":"product_cat-nature-et-paysages","9":"product_cat-tous-nos-produits","10":"product_tag-calme","11":"product_tag-eau","12":"product_tag-foret","13":"product_tag-lac","14":"product_tag-nature-fr","15":"product_tag-paisible","16":"product_tag-parc","17":"product_tag-paysage","18":"product_tag-pont","19":"product_tag-rayons-de-soleil-fr-2","20":"product_tag-rayons-de-soleil-fr","21":"product_tag-rayons-de-soleil","22":"product_tag-soleil","23":"product_tag-tranquilite","24":"product_tag-vieux","26":"first","27":"instock","28":"taxable","29":"shipping-taxable","30":"purchasable","31":"product-type-variable","32":"has-default-attributes"},"acf":[],"_links":{"self":[{"href":"https:\/\/www.muralunique.com\/fr\/wp-json\/wp\/v2\/product\/9760","targetHints":{"allow":["GET"]}}],"collection":[{"href":"https:\/\/www.muralunique.com\/fr\/wp-json\/wp\/v2\/product"}],"about":[{"href":"https:\/\/www.muralunique.com\/fr\/wp-json\/wp\/v2\/types\/product"}],"wp:featuredmedia":[{"embeddable":true,"href":"https:\/\/www.muralunique.com\/fr\/wp-json\/wp\/v2\/media\/31769"}],"wp:attachment":[{"href":"https:\/\/www.muralunique.com\/fr\/wp-json\/wp\/v2\/media?parent=9760"}],"wp:term":[{"taxonomy":"product_brand","embeddable":true,"href":"https:\/\/www.muralunique.com\/fr\/wp-json\/wp\/v2\/product_brand?post=9760"},{"taxonomy":"product_cat","embeddable":true,"href":"https:\/\/www.muralunique.com\/fr\/wp-json\/wp\/v2\/product_cat?post=9760"},{"taxonomy":"product_tag","embeddable":true,"href":"https:\/\/www.muralunique.com\/fr\/wp-json\/wp\/v2\/product_tag?post=9760"}],"curies":[{"name":"wp","href":"https:\/\/api.w.org\/{rel}","templated":true}]}}