{"id":97885,"date":"2025-10-16T13:51:43","date_gmt":"2025-10-16T17:51:43","guid":{"rendered":"https:\/\/www.muralunique.com\/?post_type=product&#038;p=97885"},"modified":"2025-10-16T14:23:10","modified_gmt":"2025-10-16T18:23:10","slug":"douceur-vegetale","status":"publish","type":"product","link":"https:\/\/www.muralunique.com\/fr\/produit\/douceur-vegetale\/","title":{"rendered":"Douceur v\u00e9g\u00e9tale"},"content":{"rendered":"<p>Ce motif tropical dor\u00e9 mat sur fond blanc cass\u00e9 est une interpr\u00e9tation moderne d&#8217;une beaut\u00e9 classique.<\/p>\n","protected":false},"excerpt":{"rendered":"<p>Ce motif tropical dor\u00e9 mat sur fond blanc cass\u00e9 est une interpr\u00e9tation moderne d&#8217;une beaut\u00e9 classique.<\/p>\n","protected":false},"featured_media":97888,"template":"","meta":{"_acf_changed":false},"product_brand":[],"product_cat":[10569,401],"product_tag":[8654],"class_list":{"0":"post-97885","1":"product","2":"type-product","3":"status-publish","4":"has-post-thumbnail","6":"artist-artistes-varies","7":"product_cat-ecolux","8":"product_cat-tous-nos-produits","9":"product_tag-murale-perso","11":"first","12":"instock","13":"taxable","14":"shipping-taxable","15":"purchasable","16":"product-type-simple"},"acf":[],"_links":{"self":[{"href":"https:\/\/www.muralunique.com\/fr\/wp-json\/wp\/v2\/product\/97885","targetHints":{"allow":["GET"]}}],"collection":[{"href":"https:\/\/www.muralunique.com\/fr\/wp-json\/wp\/v2\/product"}],"about":[{"href":"https:\/\/www.muralunique.com\/fr\/wp-json\/wp\/v2\/types\/product"}],"wp:featuredmedia":[{"embeddable":true,"href":"https:\/\/www.muralunique.com\/fr\/wp-json\/wp\/v2\/media\/97888"}],"wp:attachment":[{"href":"https:\/\/www.muralunique.com\/fr\/wp-json\/wp\/v2\/media?parent=97885"}],"wp:term":[{"taxonomy":"product_brand","embeddable":true,"href":"https:\/\/www.muralunique.com\/fr\/wp-json\/wp\/v2\/product_brand?post=97885"},{"taxonomy":"product_cat","embeddable":true,"href":"https:\/\/www.muralunique.com\/fr\/wp-json\/wp\/v2\/product_cat?post=97885"},{"taxonomy":"product_tag","embeddable":true,"href":"https:\/\/www.muralunique.com\/fr\/wp-json\/wp\/v2\/product_tag?post=97885"}],"curies":[{"name":"wp","href":"https:\/\/api.w.org\/{rel}","templated":true}]}}