{"id":97887,"date":"2025-10-16T13:51:45","date_gmt":"2025-10-16T17:51:45","guid":{"rendered":"https:\/\/www.muralunique.com\/?post_type=product&#038;p=97887"},"modified":"2025-10-16T14:50:45","modified_gmt":"2025-10-16T18:50:45","slug":"mont-cervin","status":"publish","type":"product","link":"https:\/\/www.muralunique.com\/fr\/produit\/mont-cervin\/","title":{"rendered":"Mont Cervin"},"content":{"rendered":"<p>Ce papier peint aux couleurs dor\u00e9es, est un hommage \u00e0 la beaut\u00e9 majestueuse de cette montagne embl\u00e9matique dans un style abstrait qui est peint \u00e0 la main.<\/p>\n","protected":false},"excerpt":{"rendered":"<p>Ce papier peint aux couleurs dor\u00e9es, est un hommage \u00e0 la beaut\u00e9 majestueuse de cette montagne embl\u00e9matique dans un style abstrait qui est peint \u00e0 la main.<\/p>\n","protected":false},"featured_media":97891,"template":"","meta":{"_acf_changed":false},"product_brand":[203],"product_cat":[10569,401],"product_tag":[8654],"class_list":{"0":"post-97887","1":"product","2":"type-product","3":"status-publish","4":"has-post-thumbnail","6":"artist-artistes-varies","7":"product_brand-muralunique-com","8":"product_cat-ecolux","9":"product_cat-tous-nos-produits","10":"product_tag-murale-perso","12":"first","13":"instock","14":"taxable","15":"shipping-taxable","16":"purchasable","17":"product-type-simple"},"acf":[],"_links":{"self":[{"href":"https:\/\/www.muralunique.com\/fr\/wp-json\/wp\/v2\/product\/97887","targetHints":{"allow":["GET"]}}],"collection":[{"href":"https:\/\/www.muralunique.com\/fr\/wp-json\/wp\/v2\/product"}],"about":[{"href":"https:\/\/www.muralunique.com\/fr\/wp-json\/wp\/v2\/types\/product"}],"wp:featuredmedia":[{"embeddable":true,"href":"https:\/\/www.muralunique.com\/fr\/wp-json\/wp\/v2\/media\/97891"}],"wp:attachment":[{"href":"https:\/\/www.muralunique.com\/fr\/wp-json\/wp\/v2\/media?parent=97887"}],"wp:term":[{"taxonomy":"product_brand","embeddable":true,"href":"https:\/\/www.muralunique.com\/fr\/wp-json\/wp\/v2\/product_brand?post=97887"},{"taxonomy":"product_cat","embeddable":true,"href":"https:\/\/www.muralunique.com\/fr\/wp-json\/wp\/v2\/product_cat?post=97887"},{"taxonomy":"product_tag","embeddable":true,"href":"https:\/\/www.muralunique.com\/fr\/wp-json\/wp\/v2\/product_tag?post=97887"}],"curies":[{"name":"wp","href":"https:\/\/api.w.org\/{rel}","templated":true}]}}