{"id":97920,"date":"2025-10-16T15:43:33","date_gmt":"2025-10-16T19:43:33","guid":{"rendered":"https:\/\/www.muralunique.com\/?post_type=product&#038;p=97920"},"modified":"2025-10-16T16:41:48","modified_gmt":"2025-10-16T20:41:48","slug":"foret-de-papier-mache","status":"publish","type":"product","link":"https:\/\/www.muralunique.com\/fr\/produit\/foret-de-papier-mache\/","title":{"rendered":"For\u00eat de papier m\u00e2ch\u00e9"},"content":{"rendered":"<p>Une interpr\u00e9tation artistique tout \u00e0 fait nouvelle de cette texture \u00e9tonnante.<\/p>\n","protected":false},"excerpt":{"rendered":"<p>Une interpr\u00e9tation artistique tout \u00e0 fait nouvelle de cette texture \u00e9tonnante.<\/p>\n","protected":false},"featured_media":97944,"template":"","meta":{"_acf_changed":false},"product_brand":[203],"product_cat":[10569,401],"product_tag":[8654],"class_list":{"0":"post-97920","1":"product","2":"type-product","3":"status-publish","4":"has-post-thumbnail","6":"artist-artistes-varies","7":"product_brand-muralunique-com","8":"product_cat-ecolux","9":"product_cat-tous-nos-produits","10":"product_tag-murale-perso","12":"first","13":"instock","14":"taxable","15":"shipping-taxable","16":"purchasable","17":"product-type-simple"},"acf":[],"_links":{"self":[{"href":"https:\/\/www.muralunique.com\/fr\/wp-json\/wp\/v2\/product\/97920","targetHints":{"allow":["GET"]}}],"collection":[{"href":"https:\/\/www.muralunique.com\/fr\/wp-json\/wp\/v2\/product"}],"about":[{"href":"https:\/\/www.muralunique.com\/fr\/wp-json\/wp\/v2\/types\/product"}],"wp:featuredmedia":[{"embeddable":true,"href":"https:\/\/www.muralunique.com\/fr\/wp-json\/wp\/v2\/media\/97944"}],"wp:attachment":[{"href":"https:\/\/www.muralunique.com\/fr\/wp-json\/wp\/v2\/media?parent=97920"}],"wp:term":[{"taxonomy":"product_brand","embeddable":true,"href":"https:\/\/www.muralunique.com\/fr\/wp-json\/wp\/v2\/product_brand?post=97920"},{"taxonomy":"product_cat","embeddable":true,"href":"https:\/\/www.muralunique.com\/fr\/wp-json\/wp\/v2\/product_cat?post=97920"},{"taxonomy":"product_tag","embeddable":true,"href":"https:\/\/www.muralunique.com\/fr\/wp-json\/wp\/v2\/product_tag?post=97920"}],"curies":[{"name":"wp","href":"https:\/\/api.w.org\/{rel}","templated":true}]}}