{"id":97953,"date":"2025-10-16T16:44:24","date_gmt":"2025-10-16T20:44:24","guid":{"rendered":"https:\/\/www.muralunique.com\/?post_type=product&#038;p=97953"},"modified":"2025-10-17T11:55:31","modified_gmt":"2025-10-17T15:55:31","slug":"heliconia","status":"publish","type":"product","link":"https:\/\/www.muralunique.com\/fr\/produit\/heliconia\/","title":{"rendered":"H\u00e9liconia"},"content":{"rendered":"<p>\u00c9l\u00e9gante et gracieuse beaut\u00e9 des tropiques.<\/p>\n","protected":false},"excerpt":{"rendered":"<p>\u00c9l\u00e9gante et gracieuse beaut\u00e9 des tropiques.<\/p>\n","protected":false},"featured_media":97994,"template":"","meta":{"_acf_changed":false},"product_brand":[203],"product_cat":[10569,401],"product_tag":[8654],"class_list":{"0":"post-97953","1":"product","2":"type-product","3":"status-publish","4":"has-post-thumbnail","6":"artist-artistes-varies","7":"product_brand-muralunique-com","8":"product_cat-ecolux","9":"product_cat-tous-nos-produits","10":"product_tag-murale-perso","12":"first","13":"instock","14":"taxable","15":"shipping-taxable","16":"purchasable","17":"product-type-simple"},"acf":[],"_links":{"self":[{"href":"https:\/\/www.muralunique.com\/fr\/wp-json\/wp\/v2\/product\/97953","targetHints":{"allow":["GET"]}}],"collection":[{"href":"https:\/\/www.muralunique.com\/fr\/wp-json\/wp\/v2\/product"}],"about":[{"href":"https:\/\/www.muralunique.com\/fr\/wp-json\/wp\/v2\/types\/product"}],"wp:featuredmedia":[{"embeddable":true,"href":"https:\/\/www.muralunique.com\/fr\/wp-json\/wp\/v2\/media\/97994"}],"wp:attachment":[{"href":"https:\/\/www.muralunique.com\/fr\/wp-json\/wp\/v2\/media?parent=97953"}],"wp:term":[{"taxonomy":"product_brand","embeddable":true,"href":"https:\/\/www.muralunique.com\/fr\/wp-json\/wp\/v2\/product_brand?post=97953"},{"taxonomy":"product_cat","embeddable":true,"href":"https:\/\/www.muralunique.com\/fr\/wp-json\/wp\/v2\/product_cat?post=97953"},{"taxonomy":"product_tag","embeddable":true,"href":"https:\/\/www.muralunique.com\/fr\/wp-json\/wp\/v2\/product_tag?post=97953"}],"curies":[{"name":"wp","href":"https:\/\/api.w.org\/{rel}","templated":true}]}}