{"id":97981,"date":"2025-10-16T16:44:30","date_gmt":"2025-10-16T20:44:30","guid":{"rendered":"https:\/\/www.muralunique.com\/?post_type=product&#038;p=97981"},"modified":"2025-10-17T11:57:55","modified_gmt":"2025-10-17T15:57:55","slug":"beaute-sauvage","status":"publish","type":"product","link":"https:\/\/www.muralunique.com\/fr\/produit\/beaute-sauvage\/","title":{"rendered":"Beaut\u00e9 sauvage"},"content":{"rendered":"<p>Quand beaut\u00e9 sauvage et b\u00e9ton ne font plus qu&#8217;un en monochrome, fleurs des champs peintes sur mur de b\u00e9ton.<\/p>\n","protected":false},"excerpt":{"rendered":"<p>Quand beaut\u00e9 sauvage et b\u00e9ton ne font plus qu&#8217;un en monochrome, fleurs des champs peintes sur mur de b\u00e9ton.<\/p>\n","protected":false},"featured_media":98039,"template":"","meta":{"_acf_changed":false},"product_brand":[203],"product_cat":[10569,401],"product_tag":[8654],"class_list":{"0":"post-97981","1":"product","2":"type-product","3":"status-publish","4":"has-post-thumbnail","6":"artist-artistes-varies","7":"product_brand-muralunique-com","8":"product_cat-ecolux","9":"product_cat-tous-nos-produits","10":"product_tag-murale-perso","12":"first","13":"instock","14":"taxable","15":"shipping-taxable","16":"purchasable","17":"product-type-simple"},"acf":[],"_links":{"self":[{"href":"https:\/\/www.muralunique.com\/fr\/wp-json\/wp\/v2\/product\/97981","targetHints":{"allow":["GET"]}}],"collection":[{"href":"https:\/\/www.muralunique.com\/fr\/wp-json\/wp\/v2\/product"}],"about":[{"href":"https:\/\/www.muralunique.com\/fr\/wp-json\/wp\/v2\/types\/product"}],"wp:featuredmedia":[{"embeddable":true,"href":"https:\/\/www.muralunique.com\/fr\/wp-json\/wp\/v2\/media\/98039"}],"wp:attachment":[{"href":"https:\/\/www.muralunique.com\/fr\/wp-json\/wp\/v2\/media?parent=97981"}],"wp:term":[{"taxonomy":"product_brand","embeddable":true,"href":"https:\/\/www.muralunique.com\/fr\/wp-json\/wp\/v2\/product_brand?post=97981"},{"taxonomy":"product_cat","embeddable":true,"href":"https:\/\/www.muralunique.com\/fr\/wp-json\/wp\/v2\/product_cat?post=97981"},{"taxonomy":"product_tag","embeddable":true,"href":"https:\/\/www.muralunique.com\/fr\/wp-json\/wp\/v2\/product_tag?post=97981"}],"curies":[{"name":"wp","href":"https:\/\/api.w.org\/{rel}","templated":true}]}}