{"id":9804,"date":"2017-12-27T12:50:42","date_gmt":"2017-12-27T12:50:42","guid":{"rendered":"https:\/\/muralunique.com\/?post_type=product&#038;p=9804"},"modified":"2022-04-16T19:44:27","modified_gmt":"2022-04-16T23:44:27","slug":"sentier-dans-une-foret-de-hetres","status":"publish","type":"product","link":"https:\/\/www.muralunique.com\/fr\/produit\/sentier-dans-une-foret-de-hetres\/","title":{"rendered":"Sentier dans une For\u00eat de H\u00eatres"},"content":{"rendered":"<p>-Magnifique murale en papier peint d&#8217;une for\u00eat verte avec un sentier. Cette murale trompe l&#8217;oeil va donner de la profondeur et aidera une petite pi\u00e8ce \u00e0 para\u00eetre plus grande.<\/p>\n<p>-La murale comprend des laizes de 18\u2033 (45cm) de largeur. Par exemple, une murale de 6\u2032 (1,83m) de largeur a 4 laizes et une murale de 12\u2032 (3,66m) de largeur a 8 laizes.<\/p>\n<p>-Murale en papier\u00a0peint pr\u00e9encoll\u00e9e, lavable, s\u2019enl\u00e8ve \u00e0 sec et r\u00e9utilisable. Facile \u00e0 installer, se pose comme du papier\u00a0peint (tapisserie).<\/p>\n<p>-murale sentier, murale en papier peint sentier for\u00eat de h\u00eatres, photo murale sentier for\u00eat, tapisserie sentier for\u00eat<\/p>\n<p>&nbsp;<\/p>\n","protected":false},"excerpt":{"rendered":"<p>-Magnifique murale en papier peint d&#8217;une for\u00eat verte avec un sentier. Cette murale trompe l&#8217;oeil va donner de la profondeur et aidera une petite pi\u00e8ce \u00e0 para\u00eetre plus grande. -La murale comprend des laizes de 18\u2033 (45cm) de largeur. Par exemple, une murale de 6\u2032 (1,83m) de largeur a 4 laizes et une murale de [&hellip;]<\/p>\n","protected":false},"featured_media":31788,"template":"","meta":{"_acf_changed":false},"product_brand":[203],"product_cat":[141,401,163],"product_tag":[9478,9258,9431,9019,8812,9219,9137,9331,9483,9612,9485],"class_list":{"0":"post-9804","1":"product","2":"type-product","3":"status-publish","4":"has-post-thumbnail","6":"product_brand-muralunique-com","7":"product_cat-nature-et-paysages","8":"product_cat-tous-nos-produits","9":"product_cat-trompe-loeil","10":"product_tag-arbres","11":"product_tag-chemin","12":"product_tag-ensoleille","13":"product_tag-foret","14":"product_tag-hetre","15":"product_tag-nature-fr","16":"product_tag-paysage","17":"product_tag-route","18":"product_tag-trompe-l-oeil","19":"product_tag-trompe-loeil-fr","20":"product_tag-trompe-oeil-fr","22":"first","23":"instock","24":"taxable","25":"shipping-taxable","26":"purchasable","27":"product-type-variable","28":"has-default-attributes"},"acf":[],"_links":{"self":[{"href":"https:\/\/www.muralunique.com\/fr\/wp-json\/wp\/v2\/product\/9804","targetHints":{"allow":["GET"]}}],"collection":[{"href":"https:\/\/www.muralunique.com\/fr\/wp-json\/wp\/v2\/product"}],"about":[{"href":"https:\/\/www.muralunique.com\/fr\/wp-json\/wp\/v2\/types\/product"}],"wp:featuredmedia":[{"embeddable":true,"href":"https:\/\/www.muralunique.com\/fr\/wp-json\/wp\/v2\/media\/31788"}],"wp:attachment":[{"href":"https:\/\/www.muralunique.com\/fr\/wp-json\/wp\/v2\/media?parent=9804"}],"wp:term":[{"taxonomy":"product_brand","embeddable":true,"href":"https:\/\/www.muralunique.com\/fr\/wp-json\/wp\/v2\/product_brand?post=9804"},{"taxonomy":"product_cat","embeddable":true,"href":"https:\/\/www.muralunique.com\/fr\/wp-json\/wp\/v2\/product_cat?post=9804"},{"taxonomy":"product_tag","embeddable":true,"href":"https:\/\/www.muralunique.com\/fr\/wp-json\/wp\/v2\/product_tag?post=9804"}],"curies":[{"name":"wp","href":"https:\/\/api.w.org\/{rel}","templated":true}]}}