{"id":98087,"date":"2025-10-17T10:03:23","date_gmt":"2025-10-17T14:03:23","guid":{"rendered":"https:\/\/www.muralunique.com\/?post_type=product&#038;p=98087"},"modified":"2025-10-17T12:01:53","modified_gmt":"2025-10-17T16:01:53","slug":"coucher-de-lune-moderne","status":"publish","type":"product","link":"https:\/\/www.muralunique.com\/fr\/produit\/coucher-de-lune-moderne\/","title":{"rendered":"Coucher de lune moderne"},"content":{"rendered":"<p>Art abstrait moderne, illustration num\u00e9rique. G\u00e9om\u00e9trie dans des tons de gris et d&#8217;\u00e9l\u00e9ments cr\u00e8me, textures, avec effet impression sur toile.<\/p>\n","protected":false},"excerpt":{"rendered":"<p>Art abstrait moderne, illustration num\u00e9rique. G\u00e9om\u00e9trie dans des tons de gris et d&#8217;\u00e9l\u00e9ments cr\u00e8me, textures, avec effet impression sur toile.<\/p>\n","protected":false},"featured_media":98166,"template":"","meta":{"_acf_changed":false},"product_brand":[203],"product_cat":[10569,401],"product_tag":[8654],"class_list":{"0":"post-98087","1":"product","2":"type-product","3":"status-publish","4":"has-post-thumbnail","6":"artist-artistes-varies","7":"product_brand-muralunique-com","8":"product_cat-ecolux","9":"product_cat-tous-nos-produits","10":"product_tag-murale-perso","12":"first","13":"instock","14":"taxable","15":"shipping-taxable","16":"purchasable","17":"product-type-simple"},"acf":[],"_links":{"self":[{"href":"https:\/\/www.muralunique.com\/fr\/wp-json\/wp\/v2\/product\/98087","targetHints":{"allow":["GET"]}}],"collection":[{"href":"https:\/\/www.muralunique.com\/fr\/wp-json\/wp\/v2\/product"}],"about":[{"href":"https:\/\/www.muralunique.com\/fr\/wp-json\/wp\/v2\/types\/product"}],"wp:featuredmedia":[{"embeddable":true,"href":"https:\/\/www.muralunique.com\/fr\/wp-json\/wp\/v2\/media\/98166"}],"wp:attachment":[{"href":"https:\/\/www.muralunique.com\/fr\/wp-json\/wp\/v2\/media?parent=98087"}],"wp:term":[{"taxonomy":"product_brand","embeddable":true,"href":"https:\/\/www.muralunique.com\/fr\/wp-json\/wp\/v2\/product_brand?post=98087"},{"taxonomy":"product_cat","embeddable":true,"href":"https:\/\/www.muralunique.com\/fr\/wp-json\/wp\/v2\/product_cat?post=98087"},{"taxonomy":"product_tag","embeddable":true,"href":"https:\/\/www.muralunique.com\/fr\/wp-json\/wp\/v2\/product_tag?post=98087"}],"curies":[{"name":"wp","href":"https:\/\/api.w.org\/{rel}","templated":true}]}}