{"id":98089,"date":"2025-10-17T10:03:23","date_gmt":"2025-10-17T14:03:23","guid":{"rendered":"https:\/\/www.muralunique.com\/?post_type=product&#038;p=98089"},"modified":"2025-10-21T15:08:48","modified_gmt":"2025-10-21T19:08:48","slug":"eclipse-doree","status":"publish","type":"product","link":"https:\/\/www.muralunique.com\/fr\/produit\/eclipse-doree\/","title":{"rendered":"\u00c9clipse dor\u00e9e"},"content":{"rendered":"<p>Impressionnante \u0153uvre d&#8217;art dor\u00e9 abstraite peinte \u00e0 la main.<\/p>\n","protected":false},"excerpt":{"rendered":"<p>Impressionnante \u0153uvre d&#8217;art dor\u00e9 abstraite peinte \u00e0 la main.<\/p>\n","protected":false},"featured_media":98169,"template":"","meta":{"_acf_changed":false},"product_brand":[203],"product_cat":[10569,303,305,401],"product_tag":[8654],"class_list":{"0":"post-98089","1":"product","2":"type-product","3":"status-publish","4":"has-post-thumbnail","6":"artist-artistes-varies","7":"product_brand-muralunique-com","8":"product_cat-ecolux","9":"product_cat-nouveautes","10":"product_cat-produits-vedettes","11":"product_cat-tous-nos-produits","12":"product_tag-murale-perso","14":"first","15":"instock","16":"taxable","17":"shipping-taxable","18":"purchasable","19":"product-type-simple"},"acf":[],"_links":{"self":[{"href":"https:\/\/www.muralunique.com\/fr\/wp-json\/wp\/v2\/product\/98089","targetHints":{"allow":["GET"]}}],"collection":[{"href":"https:\/\/www.muralunique.com\/fr\/wp-json\/wp\/v2\/product"}],"about":[{"href":"https:\/\/www.muralunique.com\/fr\/wp-json\/wp\/v2\/types\/product"}],"wp:featuredmedia":[{"embeddable":true,"href":"https:\/\/www.muralunique.com\/fr\/wp-json\/wp\/v2\/media\/98169"}],"wp:attachment":[{"href":"https:\/\/www.muralunique.com\/fr\/wp-json\/wp\/v2\/media?parent=98089"}],"wp:term":[{"taxonomy":"product_brand","embeddable":true,"href":"https:\/\/www.muralunique.com\/fr\/wp-json\/wp\/v2\/product_brand?post=98089"},{"taxonomy":"product_cat","embeddable":true,"href":"https:\/\/www.muralunique.com\/fr\/wp-json\/wp\/v2\/product_cat?post=98089"},{"taxonomy":"product_tag","embeddable":true,"href":"https:\/\/www.muralunique.com\/fr\/wp-json\/wp\/v2\/product_tag?post=98089"}],"curies":[{"name":"wp","href":"https:\/\/api.w.org\/{rel}","templated":true}]}}