{"id":98105,"date":"2025-10-17T10:42:17","date_gmt":"2025-10-17T14:42:17","guid":{"rendered":"https:\/\/www.muralunique.com\/?post_type=product&#038;p=98105"},"modified":"2025-10-17T12:03:24","modified_gmt":"2025-10-17T16:03:24","slug":"imprime-tropical-geometrique","status":"publish","type":"product","link":"https:\/\/www.muralunique.com\/fr\/produit\/imprime-tropical-geometrique\/","title":{"rendered":"Imprim\u00e9 tropical g\u00e9om\u00e9trique"},"content":{"rendered":"<p>Art contemporain abstrait avec un design g\u00e9om\u00e9trique \u00e9pur\u00e9.<\/p>\n","protected":false},"excerpt":{"rendered":"<p>Art contemporain abstrait avec un design g\u00e9om\u00e9trique \u00e9pur\u00e9.<\/p>\n","protected":false},"featured_media":98193,"template":"","meta":{"_acf_changed":false},"product_brand":[203],"product_cat":[10569,401],"product_tag":[8654],"class_list":{"0":"post-98105","1":"product","2":"type-product","3":"status-publish","4":"has-post-thumbnail","6":"artist-artistes-varies","7":"product_brand-muralunique-com","8":"product_cat-ecolux","9":"product_cat-tous-nos-produits","10":"product_tag-murale-perso","12":"first","13":"instock","14":"taxable","15":"shipping-taxable","16":"purchasable","17":"product-type-simple"},"acf":[],"_links":{"self":[{"href":"https:\/\/www.muralunique.com\/fr\/wp-json\/wp\/v2\/product\/98105","targetHints":{"allow":["GET"]}}],"collection":[{"href":"https:\/\/www.muralunique.com\/fr\/wp-json\/wp\/v2\/product"}],"about":[{"href":"https:\/\/www.muralunique.com\/fr\/wp-json\/wp\/v2\/types\/product"}],"wp:featuredmedia":[{"embeddable":true,"href":"https:\/\/www.muralunique.com\/fr\/wp-json\/wp\/v2\/media\/98193"}],"wp:attachment":[{"href":"https:\/\/www.muralunique.com\/fr\/wp-json\/wp\/v2\/media?parent=98105"}],"wp:term":[{"taxonomy":"product_brand","embeddable":true,"href":"https:\/\/www.muralunique.com\/fr\/wp-json\/wp\/v2\/product_brand?post=98105"},{"taxonomy":"product_cat","embeddable":true,"href":"https:\/\/www.muralunique.com\/fr\/wp-json\/wp\/v2\/product_cat?post=98105"},{"taxonomy":"product_tag","embeddable":true,"href":"https:\/\/www.muralunique.com\/fr\/wp-json\/wp\/v2\/product_tag?post=98105"}],"curies":[{"name":"wp","href":"https:\/\/api.w.org\/{rel}","templated":true}]}}