{"id":98109,"date":"2025-10-17T10:42:18","date_gmt":"2025-10-17T14:42:18","guid":{"rendered":"https:\/\/www.muralunique.com\/?post_type=product&#038;p=98109"},"modified":"2025-10-17T12:04:10","modified_gmt":"2025-10-17T16:04:10","slug":"pins-geants-bleus","status":"publish","type":"product","link":"https:\/\/www.muralunique.com\/fr\/produit\/pins-geants-bleus\/","title":{"rendered":"Pins g\u00e9ants bleus"},"content":{"rendered":"<p>Pour une harmonie parfaitement artistique, cette peinture \u00e0 l&#8217;huile repr\u00e9sentant une for\u00eat de pins bleus cr\u00e9e une atmosph\u00e8re calme et sereine.<\/p>\n","protected":false},"excerpt":{"rendered":"<p>Pour une harmonie parfaitement artistique, cette peinture \u00e0 l&#8217;huile repr\u00e9sentant une for\u00eat de pins bleus cr\u00e9e une atmosph\u00e8re calme et sereine.<\/p>\n","protected":false},"featured_media":98199,"template":"","meta":{"_acf_changed":false},"product_brand":[203],"product_cat":[10569,401],"product_tag":[8654],"class_list":{"0":"post-98109","1":"product","2":"type-product","3":"status-publish","4":"has-post-thumbnail","6":"artist-artistes-varies","7":"product_brand-muralunique-com","8":"product_cat-ecolux","9":"product_cat-tous-nos-produits","10":"product_tag-murale-perso","12":"first","13":"instock","14":"taxable","15":"shipping-taxable","16":"purchasable","17":"product-type-simple"},"acf":[],"_links":{"self":[{"href":"https:\/\/www.muralunique.com\/fr\/wp-json\/wp\/v2\/product\/98109","targetHints":{"allow":["GET"]}}],"collection":[{"href":"https:\/\/www.muralunique.com\/fr\/wp-json\/wp\/v2\/product"}],"about":[{"href":"https:\/\/www.muralunique.com\/fr\/wp-json\/wp\/v2\/types\/product"}],"wp:featuredmedia":[{"embeddable":true,"href":"https:\/\/www.muralunique.com\/fr\/wp-json\/wp\/v2\/media\/98199"}],"wp:attachment":[{"href":"https:\/\/www.muralunique.com\/fr\/wp-json\/wp\/v2\/media?parent=98109"}],"wp:term":[{"taxonomy":"product_brand","embeddable":true,"href":"https:\/\/www.muralunique.com\/fr\/wp-json\/wp\/v2\/product_brand?post=98109"},{"taxonomy":"product_cat","embeddable":true,"href":"https:\/\/www.muralunique.com\/fr\/wp-json\/wp\/v2\/product_cat?post=98109"},{"taxonomy":"product_tag","embeddable":true,"href":"https:\/\/www.muralunique.com\/fr\/wp-json\/wp\/v2\/product_tag?post=98109"}],"curies":[{"name":"wp","href":"https:\/\/api.w.org\/{rel}","templated":true}]}}