{"id":98117,"date":"2025-10-17T10:42:20","date_gmt":"2025-10-17T14:42:20","guid":{"rendered":"https:\/\/www.muralunique.com\/?post_type=product&#038;p=98117"},"modified":"2025-10-17T12:04:56","modified_gmt":"2025-10-17T16:04:56","slug":"plumes-en-folies","status":"publish","type":"product","link":"https:\/\/www.muralunique.com\/fr\/produit\/plumes-en-folies\/","title":{"rendered":"Plumes en folies"},"content":{"rendered":"<p>Illustration murale abstraite avec des plumes l\u00e9g\u00e8res sur un fond g\u00e9om\u00e9trique gris.<\/p>\n","protected":false},"excerpt":{"rendered":"<p>Illustration murale abstraite avec des plumes l\u00e9g\u00e8res sur un fond g\u00e9om\u00e9trique gris.<\/p>\n","protected":false},"featured_media":98211,"template":"","meta":{"_acf_changed":false},"product_brand":[203],"product_cat":[10569,401],"product_tag":[8654],"class_list":{"0":"post-98117","1":"product","2":"type-product","3":"status-publish","4":"has-post-thumbnail","6":"artist-artistes-varies","7":"product_brand-muralunique-com","8":"product_cat-ecolux","9":"product_cat-tous-nos-produits","10":"product_tag-murale-perso","12":"first","13":"instock","14":"taxable","15":"shipping-taxable","16":"purchasable","17":"product-type-simple"},"acf":[],"_links":{"self":[{"href":"https:\/\/www.muralunique.com\/fr\/wp-json\/wp\/v2\/product\/98117","targetHints":{"allow":["GET"]}}],"collection":[{"href":"https:\/\/www.muralunique.com\/fr\/wp-json\/wp\/v2\/product"}],"about":[{"href":"https:\/\/www.muralunique.com\/fr\/wp-json\/wp\/v2\/types\/product"}],"wp:featuredmedia":[{"embeddable":true,"href":"https:\/\/www.muralunique.com\/fr\/wp-json\/wp\/v2\/media\/98211"}],"wp:attachment":[{"href":"https:\/\/www.muralunique.com\/fr\/wp-json\/wp\/v2\/media?parent=98117"}],"wp:term":[{"taxonomy":"product_brand","embeddable":true,"href":"https:\/\/www.muralunique.com\/fr\/wp-json\/wp\/v2\/product_brand?post=98117"},{"taxonomy":"product_cat","embeddable":true,"href":"https:\/\/www.muralunique.com\/fr\/wp-json\/wp\/v2\/product_cat?post=98117"},{"taxonomy":"product_tag","embeddable":true,"href":"https:\/\/www.muralunique.com\/fr\/wp-json\/wp\/v2\/product_tag?post=98117"}],"curies":[{"name":"wp","href":"https:\/\/api.w.org\/{rel}","templated":true}]}}