{"id":9832,"date":"2018-01-04T12:42:38","date_gmt":"2018-01-04T12:42:38","guid":{"rendered":"https:\/\/muralunique.com\/?post_type=product&#038;p=9832"},"modified":"2025-09-30T16:18:42","modified_gmt":"2025-09-30T20:18:42","slug":"drapeau-canadien","status":"publish","type":"product","link":"https:\/\/www.muralunique.com\/fr\/produit\/drapeau-canadien\/","title":{"rendered":"Drapeau Canadien"},"content":{"rendered":"<p>-Murale du drapeau Canadien avec une texture de tissu. Les mouvements dans le tissu du drapeau donnent un effet trompe l&#8217;oeil tr\u00e8s r\u00e9aliste.<\/p>\n<p>-La murale comprend des laizes de 18&#8243; (45cm) de largeur. Par exemple, une murale de 6&#8242; (1,83m) de largeur a 4 laizes et une murale de 12&#8242; (3,66m) de largeur a 8 laizes.<\/p>\n<p>-Murale en papier\u00a0peint pr\u00e9encoll\u00e9e, lavable, s&#8217;enl\u00e8ve \u00e0 sec et r\u00e9utilisable. Facile \u00e0 installer, se pose comme du papier\u00a0peint (tapisserie).<\/p>\n<p>-murale drapeau canadien, murale en papier peint drapeau canadien, papier peint drapeau canadien, tapisserie drapeau canadien, murale drapeau<\/p>\n","protected":false},"excerpt":{"rendered":"<p>-Murale du drapeau Canadien avec une texture de tissu. Les mouvements dans le tissu du drapeau donnent un effet trompe l&#8217;oeil tr\u00e8s r\u00e9aliste. -La murale comprend des laizes de 18&#8243; (45cm) de largeur. Par exemple, une murale de 6&#8242; (1,83m) de largeur a 4 laizes et une murale de 12&#8242; (3,66m) de largeur a 8 [&hellip;]<\/p>\n","protected":false},"featured_media":9833,"template":"","meta":{"_acf_changed":false},"product_brand":[203],"product_cat":[160,401,163],"product_tag":[8676,9005,9447,9448,8974],"class_list":{"0":"post-9832","1":"product","2":"type-product","3":"status-publish","4":"has-post-thumbnail","6":"product_brand-muralunique-com","7":"product_cat-cartes-et-drapeaux","8":"product_cat-tous-nos-produits","9":"product_cat-trompe-loeil","10":"product_tag-canada-fr","11":"product_tag-drapeaux","12":"product_tag-texture-fr","13":"product_tag-texture-fr-2","14":"product_tag-tissu","16":"first","17":"instock","18":"taxable","19":"shipping-taxable","20":"purchasable","21":"product-type-variable","22":"has-default-attributes"},"acf":[],"_links":{"self":[{"href":"https:\/\/www.muralunique.com\/fr\/wp-json\/wp\/v2\/product\/9832","targetHints":{"allow":["GET"]}}],"collection":[{"href":"https:\/\/www.muralunique.com\/fr\/wp-json\/wp\/v2\/product"}],"about":[{"href":"https:\/\/www.muralunique.com\/fr\/wp-json\/wp\/v2\/types\/product"}],"wp:featuredmedia":[{"embeddable":true,"href":"https:\/\/www.muralunique.com\/fr\/wp-json\/wp\/v2\/media\/9833"}],"wp:attachment":[{"href":"https:\/\/www.muralunique.com\/fr\/wp-json\/wp\/v2\/media?parent=9832"}],"wp:term":[{"taxonomy":"product_brand","embeddable":true,"href":"https:\/\/www.muralunique.com\/fr\/wp-json\/wp\/v2\/product_brand?post=9832"},{"taxonomy":"product_cat","embeddable":true,"href":"https:\/\/www.muralunique.com\/fr\/wp-json\/wp\/v2\/product_cat?post=9832"},{"taxonomy":"product_tag","embeddable":true,"href":"https:\/\/www.muralunique.com\/fr\/wp-json\/wp\/v2\/product_tag?post=9832"}],"curies":[{"name":"wp","href":"https:\/\/api.w.org\/{rel}","templated":true}]}}