{"id":9838,"date":"2018-01-08T09:39:44","date_gmt":"2018-01-08T09:39:44","guid":{"rendered":"https:\/\/muralunique.com\/?post_type=product&#038;p=9838"},"modified":"2021-07-30T13:31:46","modified_gmt":"2021-07-30T17:31:46","slug":"matin-dautomne-dans-le-brouillard-noir-et-blanc","status":"publish","type":"product","link":"https:\/\/www.muralunique.com\/fr\/produit\/matin-dautomne-dans-le-brouillard-noir-et-blanc\/","title":{"rendered":"Matin d&#8217;Automne dans le Brouillard (Noir et Blanc)"},"content":{"rendered":"<p>-Photo murale en noir et blanc d&#8217;une for\u00eat brumeuse en automne. Les paysages de for\u00eat sont tr\u00e8s populaires et tr\u00e8s polyvalents, ils ajoutent un effet de richesse et de profondeur \u00e0 n&#8217;importe quelle pi\u00e8ce de votre maison. Une id\u00e9e de d\u00e9coration simple et rapide pour transformer votre int\u00e9rieur.<\/p>\n<p>-La murale comprend des laizes de 18&#8243; (45cm) de largeur. Par exemple, une murale de 6&#8242; (1,83m) de largeur a 4 laizes et une murale de 12&#8242; (3,66m) de largeur a 8 laizes.<\/p>\n<p>-Murale en papier\u00a0peint pr\u00e9encoll\u00e9e, lavable, s&#8217;enl\u00e8ve \u00e0 sec et r\u00e9utilisable. Facile \u00e0 installer, se pose comme du papier\u00a0peint (tapisserie).<\/p>\n<p>-Photographie de Lars van de Goor. Vous pouvez obtenir plus d&#8217;informations \u00e0\u00a0<a href=\"http:\/\/www.larsvandegoor.com\" rel=\"nofollow noopener\" target=\"_blank\">www.larsvandegoor.com<\/a>.<\/p>\n<p>-murale en noir et blanc, papier peint en noir et blanc, murale de for\u00eat en noir et blanc, tapisserie de for\u00eat en noir et blanc, murale de la nature<\/p>\n","protected":false},"excerpt":{"rendered":"<p>-Photo murale en noir et blanc d&#8217;une for\u00eat brumeuse en automne. Les paysages de for\u00eat sont tr\u00e8s populaires et tr\u00e8s polyvalents, ils ajoutent un effet de richesse et de profondeur \u00e0 n&#8217;importe quelle pi\u00e8ce de votre maison. Une id\u00e9e de d\u00e9coration simple et rapide pour transformer votre int\u00e9rieur. -La murale comprend des laizes de 18&#8243; [&hellip;]<\/p>\n","protected":false},"featured_media":31790,"template":"","meta":{"_acf_changed":false},"product_brand":[203],"product_cat":[141,401],"product_tag":[9478,8788,9013,9019,9198,9219,9137],"class_list":{"0":"post-9838","1":"product","2":"type-product","3":"status-publish","4":"has-post-thumbnail","6":"product_brand-muralunique-com","7":"product_cat-nature-et-paysages","8":"product_cat-tous-nos-produits","9":"product_tag-arbres","10":"product_tag-automne","11":"product_tag-brouillard","12":"product_tag-foret","13":"product_tag-matin","14":"product_tag-nature-fr","15":"product_tag-paysage","17":"first","18":"instock","19":"taxable","20":"shipping-taxable","21":"purchasable","22":"product-type-variable","23":"has-default-attributes"},"acf":[],"_links":{"self":[{"href":"https:\/\/www.muralunique.com\/fr\/wp-json\/wp\/v2\/product\/9838","targetHints":{"allow":["GET"]}}],"collection":[{"href":"https:\/\/www.muralunique.com\/fr\/wp-json\/wp\/v2\/product"}],"about":[{"href":"https:\/\/www.muralunique.com\/fr\/wp-json\/wp\/v2\/types\/product"}],"wp:featuredmedia":[{"embeddable":true,"href":"https:\/\/www.muralunique.com\/fr\/wp-json\/wp\/v2\/media\/31790"}],"wp:attachment":[{"href":"https:\/\/www.muralunique.com\/fr\/wp-json\/wp\/v2\/media?parent=9838"}],"wp:term":[{"taxonomy":"product_brand","embeddable":true,"href":"https:\/\/www.muralunique.com\/fr\/wp-json\/wp\/v2\/product_brand?post=9838"},{"taxonomy":"product_cat","embeddable":true,"href":"https:\/\/www.muralunique.com\/fr\/wp-json\/wp\/v2\/product_cat?post=9838"},{"taxonomy":"product_tag","embeddable":true,"href":"https:\/\/www.muralunique.com\/fr\/wp-json\/wp\/v2\/product_tag?post=9838"}],"curies":[{"name":"wp","href":"https:\/\/api.w.org\/{rel}","templated":true}]}}