{"id":9870,"date":"2018-01-11T14:10:40","date_gmt":"2018-01-11T14:10:40","guid":{"rendered":"https:\/\/muralunique.com\/?post_type=product&#038;p=9870"},"modified":"2023-02-24T18:41:35","modified_gmt":"2023-02-24T23:41:35","slug":"escalier-en-colimacon","status":"publish","type":"product","link":"https:\/\/www.muralunique.com\/fr\/produit\/escalier-en-colimacon\/","title":{"rendered":"Escalier en Colima\u00e7on"},"content":{"rendered":"<p>-Murale en papier peint tr\u00e8s originale d&#8217;un escalier en colima\u00e7on en noir et blanc. Photo murale.<\/p>\n<p>-La murale comprend des laizes de 18\u2033 (45cm) de largeur. Par exemple, une murale de 6\u2032 (1,83m) de largeur a 4 laizes et une murale de 12\u2032 (3,66m) de largeur a 8 laizes.<\/p>\n<p>-Murale en papier\u00a0peint pr\u00e9encoll\u00e9e, lavable, s\u2019enl\u00e8ve \u00e0 sec et r\u00e9utilisable. Facile \u00e0 installer, se pose comme du papier\u00a0peint (tapisserie).<\/p>\n<p>-murale escalier en colima\u00e7on, photo murale escalier en colima\u00e7on, murale en papier peint escalier en colima\u00e7on, papier peint escalier en colima\u00e7on<\/p>\n","protected":false},"excerpt":{"rendered":"<p>-Murale en papier peint tr\u00e8s originale d&#8217;un escalier en colima\u00e7on en noir et blanc. Photo murale. -La murale comprend des laizes de 18\u2033 (45cm) de largeur. Par exemple, une murale de 6\u2032 (1,83m) de largeur a 4 laizes et une murale de 12\u2032 (3,66m) de largeur a 8 laizes. -Murale en papier\u00a0peint pr\u00e9encoll\u00e9e, lavable, s\u2019enl\u00e8ve [&hellip;]<\/p>\n","protected":false},"featured_media":75101,"template":"","meta":{"_acf_changed":false},"product_brand":[203],"product_cat":[125,401,163],"product_tag":[8751,9407,9047,9049,9398,9483,9612,9485],"class_list":{"0":"post-9870","1":"product","2":"type-product","3":"status-publish","4":"has-post-thumbnail","6":"product_brand-muralunique-com","7":"product_cat-abstrait-et-geometrie","8":"product_cat-tous-nos-produits","9":"product_cat-trompe-loeil","10":"product_tag-abstrait","11":"product_tag-escaliers","12":"product_tag-geometrie","13":"product_tag-geometrique","14":"product_tag-spirale","15":"product_tag-trompe-l-oeil","16":"product_tag-trompe-loeil-fr","17":"product_tag-trompe-oeil-fr","19":"first","20":"instock","21":"taxable","22":"shipping-taxable","23":"purchasable","24":"product-type-variable","25":"has-default-attributes"},"acf":[],"_links":{"self":[{"href":"https:\/\/www.muralunique.com\/fr\/wp-json\/wp\/v2\/product\/9870","targetHints":{"allow":["GET"]}}],"collection":[{"href":"https:\/\/www.muralunique.com\/fr\/wp-json\/wp\/v2\/product"}],"about":[{"href":"https:\/\/www.muralunique.com\/fr\/wp-json\/wp\/v2\/types\/product"}],"wp:featuredmedia":[{"embeddable":true,"href":"https:\/\/www.muralunique.com\/fr\/wp-json\/wp\/v2\/media\/75101"}],"wp:attachment":[{"href":"https:\/\/www.muralunique.com\/fr\/wp-json\/wp\/v2\/media?parent=9870"}],"wp:term":[{"taxonomy":"product_brand","embeddable":true,"href":"https:\/\/www.muralunique.com\/fr\/wp-json\/wp\/v2\/product_brand?post=9870"},{"taxonomy":"product_cat","embeddable":true,"href":"https:\/\/www.muralunique.com\/fr\/wp-json\/wp\/v2\/product_cat?post=9870"},{"taxonomy":"product_tag","embeddable":true,"href":"https:\/\/www.muralunique.com\/fr\/wp-json\/wp\/v2\/product_tag?post=9870"}],"curies":[{"name":"wp","href":"https:\/\/api.w.org\/{rel}","templated":true}]}}