{"id":9876,"date":"2018-01-12T12:02:34","date_gmt":"2018-01-12T12:02:34","guid":{"rendered":"https:\/\/muralunique.com\/?post_type=product&#038;p=9876"},"modified":"2025-09-30T16:19:55","modified_gmt":"2025-09-30T20:19:55","slug":"metal-brosse","status":"publish","type":"product","link":"https:\/\/www.muralunique.com\/fr\/produit\/metal-brosse\/","title":{"rendered":"M\u00e9tal Bross\u00e9"},"content":{"rendered":"<p>-Photo murale en papier peint de m\u00e9tal bross\u00e9 gris. Vous pourrez cr\u00e9er un look moderne, contemporain ou industriel qui ajoutera du caract\u00e8re \u00e0 votre int\u00e9rieur gr\u00e2ce \u00e0 cette texture de m\u00e9tal bross\u00e9.<\/p>\n<p>-La murale comprend des laizes de 18&#8243; (45cm) de largeur. Par exemple, une murale de 6&#8242; (1,83m) de largeur a 4 laizes et une murale de 12&#8242; (3,66m) de largeur a 8 laizes.<\/p>\n<p>-Murale en papier\u00a0peint pr\u00e9encoll\u00e9e, lavable, s&#8217;enl\u00e8ve \u00e0 sec et r\u00e9utilisable. Facile \u00e0 installer, se pose comme du papier\u00a0peint (tapisserie).<\/p>\n<p>-murale m\u00e9tal bross\u00e9, papier peint m\u00e9tal bross\u00e9, murale en papier peint m\u00e9tal, murale texture m\u00e9tal, papier peint texture m\u00e9tal<\/p>\n","protected":false},"excerpt":{"rendered":"<p>-Photo murale en papier peint de m\u00e9tal bross\u00e9 gris. Vous pourrez cr\u00e9er un look moderne, contemporain ou industriel qui ajoutera du caract\u00e8re \u00e0 votre int\u00e9rieur gr\u00e2ce \u00e0 cette texture de m\u00e9tal bross\u00e9. -La murale comprend des laizes de 18&#8243; (45cm) de largeur. Par exemple, une murale de 6&#8242; (1,83m) de largeur a 4 laizes et [&hellip;]<\/p>\n","protected":false},"featured_media":64398,"template":"","meta":{"_acf_changed":false},"product_brand":[203],"product_cat":[169,401],"product_tag":[9183,9448,9449],"class_list":{"0":"post-9876","1":"product","2":"type-product","3":"status-publish","4":"has-post-thumbnail","6":"product_brand-muralunique-com","7":"product_cat-textures-2","8":"product_cat-tous-nos-produits","9":"product_tag-metal-fr","10":"product_tag-texture-fr-2","11":"product_tag-textures","13":"first","14":"instock","15":"taxable","16":"shipping-taxable","17":"purchasable","18":"product-type-variable","19":"has-default-attributes"},"acf":[],"_links":{"self":[{"href":"https:\/\/www.muralunique.com\/fr\/wp-json\/wp\/v2\/product\/9876","targetHints":{"allow":["GET"]}}],"collection":[{"href":"https:\/\/www.muralunique.com\/fr\/wp-json\/wp\/v2\/product"}],"about":[{"href":"https:\/\/www.muralunique.com\/fr\/wp-json\/wp\/v2\/types\/product"}],"wp:featuredmedia":[{"embeddable":true,"href":"https:\/\/www.muralunique.com\/fr\/wp-json\/wp\/v2\/media\/64398"}],"wp:attachment":[{"href":"https:\/\/www.muralunique.com\/fr\/wp-json\/wp\/v2\/media?parent=9876"}],"wp:term":[{"taxonomy":"product_brand","embeddable":true,"href":"https:\/\/www.muralunique.com\/fr\/wp-json\/wp\/v2\/product_brand?post=9876"},{"taxonomy":"product_cat","embeddable":true,"href":"https:\/\/www.muralunique.com\/fr\/wp-json\/wp\/v2\/product_cat?post=9876"},{"taxonomy":"product_tag","embeddable":true,"href":"https:\/\/www.muralunique.com\/fr\/wp-json\/wp\/v2\/product_tag?post=9876"}],"curies":[{"name":"wp","href":"https:\/\/api.w.org\/{rel}","templated":true}]}}