{"id":9897,"date":"2018-01-17T09:16:11","date_gmt":"2018-01-17T09:16:11","guid":{"rendered":"https:\/\/muralunique.com\/?post_type=product&#038;p=9897"},"modified":"2021-07-16T11:01:34","modified_gmt":"2021-07-16T15:01:34","slug":"plage-pfeiffer-sur-la-cote-du-pacifique-en-californie","status":"publish","type":"product","link":"https:\/\/www.muralunique.com\/fr\/produit\/plage-pfeiffer-sur-la-cote-du-pacifique-en-californie\/","title":{"rendered":"Plage Pfeiffer sur la C\u00f4te du Pacifique en Californie"},"content":{"rendered":"<p>-Photo murale en papier peint de la plage Pfeiffer sur la c\u00f4te du Pacifique en Californie.<\/p>\n<p>-La murale comprend des laizes de 18\u2033 (45cm) de largeur. Par exemple, une murale de 6\u2032 (1,83m) de largeur a 4 laizes et une murale de 12\u2032 (3,66m) de largeur a 8 laizes.<\/p>\n<p>-Murale en papier\u00a0peint pr\u00e9encoll\u00e9e, lavable, s\u2019enl\u00e8ve \u00e0 sec et r\u00e9utilisable. Facile \u00e0 installer, se pose comme du papier\u00a0peint (tapisserie).<\/p>\n<p>-murale Plage Pfeiffer, photo murale Plage Pfeiffer, papier peint Plage Pfeiffer, murale plage, murale en papier peint plage<\/p>\n","protected":false},"excerpt":{"rendered":"<p>-Photo murale en papier peint de la plage Pfeiffer sur la c\u00f4te du Pacifique en Californie. -La murale comprend des laizes de 18\u2033 (45cm) de largeur. Par exemple, une murale de 6\u2032 (1,83m) de largeur a 4 laizes et une murale de 12\u2032 (3,66m) de largeur a 8 laizes. -Murale en papier\u00a0peint pr\u00e9encoll\u00e9e, lavable, s\u2019enl\u00e8ve [&hellip;]<\/p>\n","protected":false},"featured_media":31798,"template":"","meta":{"_acf_changed":false},"product_brand":[203],"product_cat":[153,141,401],"product_tag":[8863,8910,9517,9499,9352,9219,9231,9137,8806,8807,8741],"class_list":{"0":"post-9897","1":"product","2":"type-product","3":"status-publish","4":"has-post-thumbnail","6":"product_brand-muralunique-com","7":"product_cat-eau-et-plages","8":"product_cat-nature-et-paysages","9":"product_cat-tous-nos-produits","10":"product_tag-californie","11":"product_tag-cote","12":"product_tag-eau","13":"product_tag-etats-unis","14":"product_tag-mer","15":"product_tag-nature-fr","16":"product_tag-ocean-fr-2","17":"product_tag-paysage","18":"product_tag-plage","19":"product_tag-plages","20":"product_tag-usa-fr","22":"first","23":"instock","24":"taxable","25":"shipping-taxable","26":"purchasable","27":"product-type-variable","28":"has-default-attributes"},"acf":[],"_links":{"self":[{"href":"https:\/\/www.muralunique.com\/fr\/wp-json\/wp\/v2\/product\/9897","targetHints":{"allow":["GET"]}}],"collection":[{"href":"https:\/\/www.muralunique.com\/fr\/wp-json\/wp\/v2\/product"}],"about":[{"href":"https:\/\/www.muralunique.com\/fr\/wp-json\/wp\/v2\/types\/product"}],"wp:featuredmedia":[{"embeddable":true,"href":"https:\/\/www.muralunique.com\/fr\/wp-json\/wp\/v2\/media\/31798"}],"wp:attachment":[{"href":"https:\/\/www.muralunique.com\/fr\/wp-json\/wp\/v2\/media?parent=9897"}],"wp:term":[{"taxonomy":"product_brand","embeddable":true,"href":"https:\/\/www.muralunique.com\/fr\/wp-json\/wp\/v2\/product_brand?post=9897"},{"taxonomy":"product_cat","embeddable":true,"href":"https:\/\/www.muralunique.com\/fr\/wp-json\/wp\/v2\/product_cat?post=9897"},{"taxonomy":"product_tag","embeddable":true,"href":"https:\/\/www.muralunique.com\/fr\/wp-json\/wp\/v2\/product_tag?post=9897"}],"curies":[{"name":"wp","href":"https:\/\/api.w.org\/{rel}","templated":true}]}}