{"id":9948,"date":"2018-01-19T11:21:09","date_gmt":"2018-01-19T11:21:09","guid":{"rendered":"https:\/\/muralunique.com\/?post_type=product&#038;p=9948"},"modified":"2021-07-16T11:01:39","modified_gmt":"2021-07-16T15:01:39","slug":"vue-en-dessous-dun-palmier","status":"publish","type":"product","link":"https:\/\/www.muralunique.com\/fr\/produit\/vue-en-dessous-dun-palmier\/","title":{"rendered":"Vue en Dessous d&#8217;un Palmier"},"content":{"rendered":"<p>-Murale tropicale ensoleill\u00e9e d&#8217;une magnifique vue en dessous d&#8217;un palmier.<\/p>\n<p>-La murale comprend des laizes de 18\u2033 (45cm) de largeur. Par exemple, une murale de 6\u2032 (1,83m) de largeur a 4 laizes et une murale de 12\u2032 (3,66m) de largeur a 8 laizes.<\/p>\n<p>-Murale en papier\u00a0peint pr\u00e9encoll\u00e9e, lavable, s\u2019enl\u00e8ve \u00e0 sec et r\u00e9utilisable. Facile \u00e0 installer, se pose comme du papier\u00a0peint (tapisserie).<\/p>\n<p>-murale palmiers, photo murale palmiers, murale en papier peint palmiers, papier peint palmiers, tapisserie murale palmiers<\/p>\n","protected":false},"excerpt":{"rendered":"<p>-Murale tropicale ensoleill\u00e9e d&#8217;une magnifique vue en dessous d&#8217;un palmier. -La murale comprend des laizes de 18\u2033 (45cm) de largeur. Par exemple, une murale de 6\u2032 (1,83m) de largeur a 4 laizes et une murale de 12\u2032 (3,66m) de largeur a 8 laizes. -Murale en papier\u00a0peint pr\u00e9encoll\u00e9e, lavable, s\u2019enl\u00e8ve \u00e0 sec et r\u00e9utilisable. Facile \u00e0 [&hellip;]<\/p>\n","protected":false},"featured_media":31783,"template":"","meta":{"_acf_changed":false},"product_brand":[203],"product_cat":[153,150,141,401],"product_tag":[9477,9478,9014,8806,8807,9486],"class_list":{"0":"post-9948","1":"product","2":"type-product","3":"status-publish","4":"has-post-thumbnail","6":"product_brand-muralunique-com","7":"product_cat-eau-et-plages","8":"product_cat-fleurs-et-feuillages","9":"product_cat-nature-et-paysages","10":"product_cat-tous-nos-produits","11":"product_tag-arbre","12":"product_tag-arbres","13":"product_tag-feuillage","14":"product_tag-plage","15":"product_tag-plages","16":"product_tag-tropical-fr","18":"first","19":"instock","20":"taxable","21":"shipping-taxable","22":"purchasable","23":"product-type-variable","24":"has-default-attributes"},"acf":[],"_links":{"self":[{"href":"https:\/\/www.muralunique.com\/fr\/wp-json\/wp\/v2\/product\/9948","targetHints":{"allow":["GET"]}}],"collection":[{"href":"https:\/\/www.muralunique.com\/fr\/wp-json\/wp\/v2\/product"}],"about":[{"href":"https:\/\/www.muralunique.com\/fr\/wp-json\/wp\/v2\/types\/product"}],"wp:featuredmedia":[{"embeddable":true,"href":"https:\/\/www.muralunique.com\/fr\/wp-json\/wp\/v2\/media\/31783"}],"wp:attachment":[{"href":"https:\/\/www.muralunique.com\/fr\/wp-json\/wp\/v2\/media?parent=9948"}],"wp:term":[{"taxonomy":"product_brand","embeddable":true,"href":"https:\/\/www.muralunique.com\/fr\/wp-json\/wp\/v2\/product_brand?post=9948"},{"taxonomy":"product_cat","embeddable":true,"href":"https:\/\/www.muralunique.com\/fr\/wp-json\/wp\/v2\/product_cat?post=9948"},{"taxonomy":"product_tag","embeddable":true,"href":"https:\/\/www.muralunique.com\/fr\/wp-json\/wp\/v2\/product_tag?post=9948"}],"curies":[{"name":"wp","href":"https:\/\/api.w.org\/{rel}","templated":true}]}}