{"id":99543,"date":"2026-04-17T12:49:34","date_gmt":"2026-04-17T16:49:34","guid":{"rendered":"https:\/\/www.muralunique.com\/?post_type=product&#038;p=99543"},"modified":"2026-04-17T13:59:22","modified_gmt":"2026-04-17T17:59:22","slug":"gingko-biloba","status":"publish","type":"product","link":"https:\/\/www.muralunique.com\/fr\/produit\/gingko-biloba\/","title":{"rendered":"Gingko Biloba"},"content":{"rendered":"<p>Notre murale \u00ab Feuilles de ginkgo \u00bb est un motif magnifique et tr\u00e8s appr\u00e9ci\u00e9. Elle pr\u00e9sente une composition de feuilles de ginkgo entrelac\u00e9es dans des tons ocres, beiges et anthracite, sur un fond textur\u00e9.<\/p>\n<p><strong>2336 seulement peuvent \u00eatre r\u00e9p\u00e9t\u00e9es horizontalement (pas les autres dimensions).<\/strong><\/p>\n<p>La murale comprend des laizes de 18\u2033 (45cm) de largeur. Par exemple, une murale de 6\u2032 (1,83m) de largeur a 4 laizes et une murale de 12\u2032 (3,66m) de largeur a 8 laizes.<\/p>\n<p>Murale en papier peint pr\u00e9encoll\u00e9e, lavable, s\u2019enl\u00e8ve \u00e0 sec et r\u00e9utilisable. Facile \u00e0 installer, se pose comme du papier peint (tapisserie).<\/p>\n<p>murale Gingko Biloba, tapisserie murale Gingko Biloba, papier peint Gingko Biloba, murale feuillage, papier peint Gingko Biloba<\/p>\n","protected":false},"excerpt":{"rendered":"<p>Notre murale \u00ab Feuilles de ginkgo \u00bb est un motif magnifique et tr\u00e8s appr\u00e9ci\u00e9. Elle pr\u00e9sente une composition de feuilles de ginkgo entrelac\u00e9es dans des tons ocres, beiges et anthracite, sur un fond textur\u00e9. 2336 seulement peuvent \u00eatre r\u00e9p\u00e9t\u00e9es horizontalement (pas les autres dimensions). La murale comprend des laizes de 18\u2033 (45cm) de largeur. Par [&hellip;]<\/p>\n","protected":false},"featured_media":81189,"template":"","meta":{"_acf_changed":false},"product_brand":[],"product_cat":[150,367,303,305,401],"product_tag":[8864,9014,10205,9144,9219,9780,9261],"class_list":{"0":"post-99543","1":"product","2":"type-product","3":"status-publish","4":"has-post-thumbnail","6":"product_cat-fleurs-et-feuillages","7":"product_cat-murales-en-r-p-tition","8":"product_cat-nouveautes","9":"product_cat-produits-vedettes","10":"product_cat-tous-nos-produits","11":"product_tag-calme","12":"product_tag-feuillage","13":"product_tag-feuille-fr-2","14":"product_tag-feuilles","15":"product_tag-nature-fr","16":"product_tag-or","17":"product_tag-paisible","19":"first","20":"instock","21":"taxable","22":"shipping-taxable","23":"purchasable","24":"product-type-variable","25":"has-default-attributes"},"acf":[],"_links":{"self":[{"href":"https:\/\/www.muralunique.com\/fr\/wp-json\/wp\/v2\/product\/99543","targetHints":{"allow":["GET"]}}],"collection":[{"href":"https:\/\/www.muralunique.com\/fr\/wp-json\/wp\/v2\/product"}],"about":[{"href":"https:\/\/www.muralunique.com\/fr\/wp-json\/wp\/v2\/types\/product"}],"wp:featuredmedia":[{"embeddable":true,"href":"https:\/\/www.muralunique.com\/fr\/wp-json\/wp\/v2\/media\/81189"}],"wp:attachment":[{"href":"https:\/\/www.muralunique.com\/fr\/wp-json\/wp\/v2\/media?parent=99543"}],"wp:term":[{"taxonomy":"product_brand","embeddable":true,"href":"https:\/\/www.muralunique.com\/fr\/wp-json\/wp\/v2\/product_brand?post=99543"},{"taxonomy":"product_cat","embeddable":true,"href":"https:\/\/www.muralunique.com\/fr\/wp-json\/wp\/v2\/product_cat?post=99543"},{"taxonomy":"product_tag","embeddable":true,"href":"https:\/\/www.muralunique.com\/fr\/wp-json\/wp\/v2\/product_tag?post=99543"}],"curies":[{"name":"wp","href":"https:\/\/api.w.org\/{rel}","templated":true}]}}