{"id":9958,"date":"2018-01-19T18:04:48","date_gmt":"2018-01-19T18:04:48","guid":{"rendered":"https:\/\/muralunique.com\/?post_type=product&#038;p=9958"},"modified":"2021-07-16T11:01:40","modified_gmt":"2021-07-16T15:01:40","slug":"route-sinueuse-de-gravelle","status":"publish","type":"product","link":"https:\/\/www.muralunique.com\/fr\/produit\/route-sinueuse-de-gravelle\/","title":{"rendered":"Route Sinueuse de Gravelle"},"content":{"rendered":"<p>-Murale en papier peint d&#8217;une route sinueuse de gravelle au milieu d&#8217;une for\u00eat paisible et ensoleill\u00e9e.\u00a0Photo murale.<\/p>\n<p>-La murale comprend des laizes de 18\u2033 (45cm) de largeur. Par exemple, une murale de 6\u2032 (1,83m) de largeur a 4 laizes et une murale de 12\u2032 (3,66m) de largeur a 8 laizes.<\/p>\n<p>-Murale en papier\u00a0peint pr\u00e9encoll\u00e9e, lavable, s\u2019enl\u00e8ve \u00e0 sec et r\u00e9utilisable. Facile \u00e0 installer, se pose comme du papier\u00a0peint (tapisserie).<\/p>\n<p>-murale route sinueuse de gravelle, murale for\u00eat ensoleill\u00e9e, photo murale for\u00eat ensoleill\u00e9e, murale en papier peint for\u00eat ensoleill\u00e9e, murale for\u00eat<\/p>\n","protected":false},"excerpt":{"rendered":"<p>-Murale en papier peint d&#8217;une route sinueuse de gravelle au milieu d&#8217;une for\u00eat paisible et ensoleill\u00e9e.\u00a0Photo murale. -La murale comprend des laizes de 18\u2033 (45cm) de largeur. Par exemple, une murale de 6\u2032 (1,83m) de largeur a 4 laizes et une murale de 12\u2032 (3,66m) de largeur a 8 laizes. -Murale en papier\u00a0peint pr\u00e9encoll\u00e9e, lavable, [&hellip;]<\/p>\n","protected":false},"featured_media":35927,"template":"","meta":{"_acf_changed":false},"product_brand":[203],"product_cat":[10434,141,401,163],"product_tag":[9478,8864,9258,9431,9427,9019,9219,9261,9137,9770,9767,9429,9331,9428,9483,9482,9485],"class_list":{"0":"post-9958","1":"product","2":"type-product","3":"status-publish","4":"has-post-thumbnail","6":"product_brand-muralunique-com","7":"product_cat-images-panoramiques","8":"product_cat-nature-et-paysages","9":"product_cat-tous-nos-produits","10":"product_cat-trompe-loeil","11":"product_tag-arbres","12":"product_tag-calme","13":"product_tag-chemin","14":"product_tag-ensoleille","15":"product_tag-ete","16":"product_tag-foret","17":"product_tag-nature-fr","18":"product_tag-paisible","19":"product_tag-paysage","20":"product_tag-rayons-de-soleil-fr-2","21":"product_tag-rayons-de-soleil-fr","22":"product_tag-rayons-de-soleil","23":"product_tag-route","24":"product_tag-soleil","25":"product_tag-trompe-l-oeil","26":"product_tag-trompe-loeil","27":"product_tag-trompe-oeil-fr","29":"first","30":"instock","31":"taxable","32":"shipping-taxable","33":"purchasable","34":"product-type-variable","35":"has-default-attributes"},"acf":[],"_links":{"self":[{"href":"https:\/\/www.muralunique.com\/fr\/wp-json\/wp\/v2\/product\/9958","targetHints":{"allow":["GET"]}}],"collection":[{"href":"https:\/\/www.muralunique.com\/fr\/wp-json\/wp\/v2\/product"}],"about":[{"href":"https:\/\/www.muralunique.com\/fr\/wp-json\/wp\/v2\/types\/product"}],"wp:featuredmedia":[{"embeddable":true,"href":"https:\/\/www.muralunique.com\/fr\/wp-json\/wp\/v2\/media\/35927"}],"wp:attachment":[{"href":"https:\/\/www.muralunique.com\/fr\/wp-json\/wp\/v2\/media?parent=9958"}],"wp:term":[{"taxonomy":"product_brand","embeddable":true,"href":"https:\/\/www.muralunique.com\/fr\/wp-json\/wp\/v2\/product_brand?post=9958"},{"taxonomy":"product_cat","embeddable":true,"href":"https:\/\/www.muralunique.com\/fr\/wp-json\/wp\/v2\/product_cat?post=9958"},{"taxonomy":"product_tag","embeddable":true,"href":"https:\/\/www.muralunique.com\/fr\/wp-json\/wp\/v2\/product_tag?post=9958"}],"curies":[{"name":"wp","href":"https:\/\/api.w.org\/{rel}","templated":true}]}}