{"id":9971,"date":"2018-01-21T12:57:31","date_gmt":"2018-01-21T12:57:31","guid":{"rendered":"https:\/\/muralunique.com\/?post_type=product&#038;p=9971"},"modified":"2021-11-16T14:14:51","modified_gmt":"2021-11-16T19:14:51","slug":"foret-de-sapins-panoramique","status":"publish","type":"product","link":"https:\/\/www.muralunique.com\/fr\/produit\/foret-de-sapins-panoramique\/","title":{"rendered":"For\u00eat de Sapins Panoramique"},"content":{"rendered":"<p>-Murale en papier peint extra large d&#8217;une magnifique for\u00eat de sapins panoramique. Photo murale.\u00a0Cette murale peut \u00eatre r\u00e9p\u00e9t\u00e9e horizontalement.<\/p>\n<p>-La murale comprend des laizes de 18\u2033 (45cm) de largeur. Par exemple, une murale de 6\u2032 (1,83m) de largeur a 4 laizes et une murale de 12\u2032 (3,66m) de largeur a 8 laizes.<\/p>\n<p>-Murale en papier\u00a0peint pr\u00e9encoll\u00e9e, lavable, s\u2019enl\u00e8ve \u00e0 sec et r\u00e9utilisable. Facile \u00e0 installer, se pose comme du papier\u00a0peint (tapisserie).<\/p>\n<p>-murale en papier peint d&#8217;une for\u00eat de sapins, murale panoramique, murale d&#8217;une for\u00eat panoramique, tapisserie for\u00eat panoramique, papier peint panoramique<\/p>\n","protected":false},"excerpt":{"rendered":"<p>-Murale en papier peint extra large d&#8217;une magnifique for\u00eat de sapins panoramique. Photo murale.\u00a0Cette murale peut \u00eatre r\u00e9p\u00e9t\u00e9e horizontalement. -La murale comprend des laizes de 18\u2033 (45cm) de largeur. Par exemple, une murale de 6\u2032 (1,83m) de largeur a 4 laizes et une murale de 12\u2032 (3,66m) de largeur a 8 laizes. -Murale en papier\u00a0peint [&hellip;]<\/p>\n","protected":false},"featured_media":31773,"template":"","meta":{"_acf_changed":false},"product_brand":[203],"product_cat":[10434,367,141,401],"product_tag":[9478,9019,9219,9137],"class_list":{"0":"post-9971","1":"product","2":"type-product","3":"status-publish","4":"has-post-thumbnail","6":"product_brand-muralunique-com","7":"product_cat-images-panoramiques","8":"product_cat-murales-en-r-p-tition","9":"product_cat-nature-et-paysages","10":"product_cat-tous-nos-produits","11":"product_tag-arbres","12":"product_tag-foret","13":"product_tag-nature-fr","14":"product_tag-paysage","16":"first","17":"instock","18":"taxable","19":"shipping-taxable","20":"purchasable","21":"product-type-variable","22":"has-default-attributes"},"acf":[],"_links":{"self":[{"href":"https:\/\/www.muralunique.com\/fr\/wp-json\/wp\/v2\/product\/9971","targetHints":{"allow":["GET"]}}],"collection":[{"href":"https:\/\/www.muralunique.com\/fr\/wp-json\/wp\/v2\/product"}],"about":[{"href":"https:\/\/www.muralunique.com\/fr\/wp-json\/wp\/v2\/types\/product"}],"wp:featuredmedia":[{"embeddable":true,"href":"https:\/\/www.muralunique.com\/fr\/wp-json\/wp\/v2\/media\/31773"}],"wp:attachment":[{"href":"https:\/\/www.muralunique.com\/fr\/wp-json\/wp\/v2\/media?parent=9971"}],"wp:term":[{"taxonomy":"product_brand","embeddable":true,"href":"https:\/\/www.muralunique.com\/fr\/wp-json\/wp\/v2\/product_brand?post=9971"},{"taxonomy":"product_cat","embeddable":true,"href":"https:\/\/www.muralunique.com\/fr\/wp-json\/wp\/v2\/product_cat?post=9971"},{"taxonomy":"product_tag","embeddable":true,"href":"https:\/\/www.muralunique.com\/fr\/wp-json\/wp\/v2\/product_tag?post=9971"}],"curies":[{"name":"wp","href":"https:\/\/api.w.org\/{rel}","templated":true}]}}